{"id":6826,"date":"2024-06-18T17:02:22","date_gmt":"2024-06-18T15:02:22","guid":{"rendered":"https:\/\/staging.zoki.art\/izdelek\/platnena-torba-za-cez-ramo-ptica-dekor\/"},"modified":"2025-01-02T13:37:54","modified_gmt":"2025-01-02T12:37:54","slug":"canvas-tote-bag-girl-dremas-boho-bird","status":"publish","type":"product","link":"https:\/\/staging.zoki.art\/en\/product\/canvas-tote-bag-girl-dremas-boho-bird\/","title":{"rendered":"Tote Bag &#8221;Boho Bird&#8221;"},"content":{"rendered":"<p>Wide handles provide comfort, and the sturdy material will withstand even the heaviest purchases.<\/p>\n<p>Specifications:<\/p>\n<ul>\n<li>material: 100% cotton, 350 gsm<\/li>\n<li>extremely durable<\/li>\n<li>dimensions: 45cm X 38cm, handle length 80cm<\/li>\n<li>The bag can be washed in the machine at 30C<\/li>\n<\/ul>\n<p><strong>Tip<\/strong>: Zoki.art canvas tote bags call for attention. Therefore, consult your doctor or pharmacist about the risks and side effects of accidental envy. \ud83d\ude1b<\/p>\n<p><a href=\"https:\/\/staging.zoki.art\/wp-content\/uploads\/2024\/06\/20240618_093652-225x300.jpg\"><img decoding=\"async\" class=\"alignnone size-medium wp-image-5778\" src=\"https:\/\/staging.zoki.art\/wp-content\/uploads\/2024\/06\/20240618_093652-225x300.jpg\" alt=\"\" width=\"225\" height=\"300\" srcset=\"https:\/\/staging.zoki.art\/wp-content\/uploads\/2024\/06\/20240618_093652-225x300.jpg 225w, https:\/\/staging.zoki.art\/wp-content\/uploads\/2024\/06\/20240618_093652-768x1024.jpg 768w, https:\/\/staging.zoki.art\/wp-content\/uploads\/2024\/06\/20240618_093652-1152x1536.jpg 1152w, https:\/\/staging.zoki.art\/wp-content\/uploads\/2024\/06\/20240618_093652-600x800.jpg 600w, https:\/\/staging.zoki.art\/wp-content\/uploads\/2024\/06\/20240618_093652-655x873.jpg 655w, https:\/\/staging.zoki.art\/wp-content\/uploads\/2024\/06\/20240618_093652.jpg 1440w\" sizes=\"(max-width: 225px) 100vw, 225px\" \/><\/a> <a href=\"https:\/\/staging.zoki.art\/wp-content\/uploads\/2024\/06\/20240618_093728-225x300.jpg\"><img decoding=\"async\" class=\"alignnone size-medium wp-image-5782\" src=\"https:\/\/staging.zoki.art\/wp-content\/uploads\/2024\/06\/20240618_093728-225x300.jpg\" alt=\"\" width=\"225\" height=\"300\" srcset=\"https:\/\/staging.zoki.art\/wp-content\/uploads\/2024\/06\/20240618_093728-225x300.jpg 225w, https:\/\/staging.zoki.art\/wp-content\/uploads\/2024\/06\/20240618_093728-768x1024.jpg 768w, https:\/\/staging.zoki.art\/wp-content\/uploads\/2024\/06\/20240618_093728-1152x1536.jpg 1152w, https:\/\/staging.zoki.art\/wp-content\/uploads\/2024\/06\/20240618_093728-600x800.jpg 600w, https:\/\/staging.zoki.art\/wp-content\/uploads\/2024\/06\/20240618_093728-655x873.jpg 655w, https:\/\/staging.zoki.art\/wp-content\/uploads\/2024\/06\/20240618_093728.jpg 1440w\" sizes=\"(max-width: 225px) 100vw, 225px\" \/><\/a> <a href=\"https:\/\/staging.zoki.art\/wp-content\/uploads\/2024\/06\/20240618_093755-225x300.jpg\"><img decoding=\"async\" class=\"alignnone size-medium wp-image-5784\" src=\"https:\/\/staging.zoki.art\/wp-content\/uploads\/2024\/06\/20240618_093755-225x300.jpg\" alt=\"\" width=\"225\" height=\"300\" srcset=\"https:\/\/staging.zoki.art\/wp-content\/uploads\/2024\/06\/20240618_093755-225x300.jpg 225w, https:\/\/staging.zoki.art\/wp-content\/uploads\/2024\/06\/20240618_093755-768x1024.jpg 768w, https:\/\/staging.zoki.art\/wp-content\/uploads\/2024\/06\/20240618_093755-1152x1536.jpg 1152w, https:\/\/staging.zoki.art\/wp-content\/uploads\/2024\/06\/20240618_093755-600x800.jpg 600w, https:\/\/staging.zoki.art\/wp-content\/uploads\/2024\/06\/20240618_093755-655x873.jpg 655w, https:\/\/staging.zoki.art\/wp-content\/uploads\/2024\/06\/20240618_093755.jpg 1440w\" sizes=\"(max-width: 225px) 100vw, 225px\" \/><\/a><\/p>\n","protected":false},"excerpt":{"rendered":"<p>Yes, we have them! Zoki.art canvas Tote bags. This way, every trip to the city, to work, to visit a friend or to go shopping will be a whole fairy-tale fashion story.<\/p>\n<p>Tote bag with the Zoki.art illustration &#8220;Boho Bird&#8221; print is a real fashion accessory that will turn even the most boring outfit into a colorful adventure.<\/p>\n<p>The bag is very nicely sewn and made of sturdy cotton canvas. Don&#8217;t worry, you&#8217;ll be able to fit all the accessories in it that you can&#8217;t fit in your handbag anymore.:P All the Tupperware containers, an extra sweater, an umbrella (the little one that doesn&#8217;t work, but still), and maybe even some slippers. And a sunscreen just in case! Oh, and don&#8217;t forget the tissues.<\/p>\n","protected":false},"featured_media":5779,"comment_status":"open","ping_status":"closed","template":"","meta":{"inline_featured_image":false,"_monsterinsights_skip_tracking":false,"_monsterinsights_sitenote_active":false,"_monsterinsights_sitenote_note":"","_monsterinsights_sitenote_category":0,"_genesis_hide_title":false,"_genesis_hide_breadcrumbs":false,"_genesis_hide_singular_image":false,"_genesis_hide_footer_widgets":false,"_genesis_custom_body_class":"","_genesis_custom_post_class":"","_genesis_layout":""},"product_brand":[],"product_cat":[169],"product_tag":[],"class_list":{"0":"post-6826","1":"product","2":"type-product","3":"status-publish","4":"has-post-thumbnail","6":"product_cat-tekstil-en","7":"entry","9":"first","10":"instock","11":"shipping-taxable","12":"purchasable","13":"product-type-simple"},"yoast_head":"<!-- This site is optimized with the Yoast SEO plugin v24.2 - https:\/\/yoast.com\/wordpress\/plugins\/seo\/ -->\n<title>Tote Bag &#039;&#039;Boho Bird&#039;&#039; &#8226; Zoki.art \u2013 navihane \u010di\u010dke in \u010da\u010dke in ra\u010dke za najne\u017enej\u0161e du\u0161e<\/title>\n<meta name=\"description\" content=\"Tote bag with the Zoki.art illustration &quot;Boho Bird&quot; print is a real fashion accessory that turns even the most boring outfit into a colorful adventure.\" \/>\n<meta name=\"robots\" content=\"noindex, follow, max-snippet:-1, max-image-preview:large, max-video-preview:-1\" \/>\n<meta property=\"og:locale\" content=\"en_US\" \/>\n<meta property=\"og:type\" content=\"article\" \/>\n<meta property=\"og:title\" content=\"Tote Bag &#039;&#039;Boho Bird&#039;&#039; &#8226; Zoki.art \u2013 navihane \u010di\u010dke in \u010da\u010dke in ra\u010dke za najne\u017enej\u0161e du\u0161e\" \/>\n<meta property=\"og:description\" content=\"Tote bag with the Zoki.art illustration &quot;Boho Bird&quot; print is a real fashion accessory that turns even the most boring outfit into a colorful adventure.\" \/>\n<meta property=\"og:url\" content=\"https:\/\/staging.zoki.art\/en\/product\/canvas-tote-bag-girl-dremas-boho-bird\/\" \/>\n<meta property=\"og:site_name\" content=\"Zoki.art \u2013 navihane \u010di\u010dke in \u010da\u010dke in ra\u010dke za najne\u017enej\u0161e du\u0161e\" \/>\n<meta property=\"article:modified_time\" content=\"2025-01-02T12:37:54+00:00\" \/>\n<meta property=\"og:image\" content=\"https:\/\/staging.zoki.art\/wp-content\/uploads\/2024\/06\/20240618_093652.jpg\" \/>\n\t<meta property=\"og:image:width\" content=\"1440\" \/>\n\t<meta property=\"og:image:height\" content=\"1920\" \/>\n\t<meta property=\"og:image:type\" content=\"image\/jpeg\" \/>\n<meta name=\"twitter:card\" content=\"summary_large_image\" \/>\n<meta name=\"twitter:label1\" content=\"Est. reading time\" \/>\n\t<meta name=\"twitter:data1\" content=\"2 minutes\" \/>\n<script type=\"application\/ld+json\" class=\"yoast-schema-graph\">{\"@context\":\"https:\/\/schema.org\",\"@graph\":[{\"@type\":\"WebPage\",\"@id\":\"https:\/\/staging.zoki.art\/en\/product\/canvas-tote-bag-girl-dremas-boho-bird\/\",\"url\":\"https:\/\/staging.zoki.art\/en\/product\/canvas-tote-bag-girl-dremas-boho-bird\/\",\"name\":\"Tote Bag ''Boho Bird'' &#8226; Zoki.art \u2013 navihane \u010di\u010dke in \u010da\u010dke in ra\u010dke za najne\u017enej\u0161e du\u0161e\",\"isPartOf\":{\"@id\":\"https:\/\/staging.zoki.art\/#website\"},\"primaryImageOfPage\":{\"@id\":\"https:\/\/staging.zoki.art\/en\/product\/canvas-tote-bag-girl-dremas-boho-bird\/#primaryimage\"},\"image\":{\"@id\":\"https:\/\/staging.zoki.art\/en\/product\/canvas-tote-bag-girl-dremas-boho-bird\/#primaryimage\"},\"thumbnailUrl\":\"https:\/\/staging.zoki.art\/wp-content\/uploads\/2024\/06\/20240618_093652.jpg\",\"datePublished\":\"2024-06-18T15:02:22+00:00\",\"dateModified\":\"2025-01-02T12:37:54+00:00\",\"description\":\"Tote bag with the Zoki.art illustration \\\"Boho Bird\\\" print is a real fashion accessory that turns even the most boring outfit into a colorful adventure.\",\"breadcrumb\":{\"@id\":\"https:\/\/staging.zoki.art\/en\/product\/canvas-tote-bag-girl-dremas-boho-bird\/#breadcrumb\"},\"inLanguage\":\"en-US\",\"potentialAction\":[{\"@type\":\"ReadAction\",\"target\":[\"https:\/\/staging.zoki.art\/en\/product\/canvas-tote-bag-girl-dremas-boho-bird\/\"]}]},{\"@type\":\"ImageObject\",\"inLanguage\":\"en-US\",\"@id\":\"https:\/\/staging.zoki.art\/en\/product\/canvas-tote-bag-girl-dremas-boho-bird\/#primaryimage\",\"url\":\"https:\/\/staging.zoki.art\/wp-content\/uploads\/2024\/06\/20240618_093652.jpg\",\"contentUrl\":\"https:\/\/staging.zoki.art\/wp-content\/uploads\/2024\/06\/20240618_093652.jpg\",\"width\":1440,\"height\":1920},{\"@type\":\"BreadcrumbList\",\"@id\":\"https:\/\/staging.zoki.art\/en\/product\/canvas-tote-bag-girl-dremas-boho-bird\/#breadcrumb\",\"itemListElement\":[{\"@type\":\"ListItem\",\"position\":1,\"name\":\"Domov\",\"item\":\"https:\/\/staging.zoki.art\/en\/\"},{\"@type\":\"ListItem\",\"position\":2,\"name\":\"Shop\",\"item\":\"https:\/\/staging.zoki.art\/en\/shop\/\"},{\"@type\":\"ListItem\",\"position\":3,\"name\":\"Tote Bag &#8221;Boho Bird&#8221;\"}]},{\"@type\":\"WebSite\",\"@id\":\"https:\/\/staging.zoki.art\/#website\",\"url\":\"https:\/\/staging.zoki.art\/\",\"name\":\"Zoki.art \u2013 navihane \u010di\u010dke in \u010da\u010dke in ra\u010dke za najne\u017enej\u0161e du\u0161e\",\"description\":\"\u017deli\u0161 stran od teh te\u010dnih, nejevoljnih in utrujenih misli. Greva! Te peljem na oblaku v svet domi\u0161ljije. Med stolpnice, ki niso sive in kovinaste, kot plo\u0161\u010dica v kolenu sosedove Minke. Moje so pisane in razigrane in znajo \u017evrgoleti. V njih raste velikansko cvetje in vedno lepo di\u0161i. Vsaj za trenutek, zbe\u017eiva v pravljco.\",\"publisher\":{\"@id\":\"https:\/\/staging.zoki.art\/#organization\"},\"alternateName\":\"Zoki.art \u2013 navihane \u010di\u010dke in \u010da\u010dke in ra\u010dke za najne\u017enej\u0161e du\u0161e\",\"potentialAction\":[{\"@type\":\"SearchAction\",\"target\":{\"@type\":\"EntryPoint\",\"urlTemplate\":\"https:\/\/staging.zoki.art\/?s={search_term_string}\"},\"query-input\":{\"@type\":\"PropertyValueSpecification\",\"valueRequired\":true,\"valueName\":\"search_term_string\"}}],\"inLanguage\":\"en-US\"},{\"@type\":\"Organization\",\"@id\":\"https:\/\/staging.zoki.art\/#organization\",\"name\":\"Zoki.art \u2013 navihane \u010di\u010dke in \u010da\u010dke in ra\u010dke za najne\u017enej\u0161e du\u0161e\",\"alternateName\":\"Zoki.art \u2013 navihane \u010di\u010dke in \u010da\u010dke in ra\u010dke za najne\u017enej\u0161e du\u0161e\",\"url\":\"https:\/\/staging.zoki.art\/\",\"logo\":{\"@type\":\"ImageObject\",\"inLanguage\":\"en-US\",\"@id\":\"https:\/\/staging.zoki.art\/#\/schema\/logo\/image\/\",\"url\":\"https:\/\/staging.zoki.art\/wp-content\/uploads\/2023\/04\/zoki-art-brezslogan-mavricni.svg\",\"contentUrl\":\"https:\/\/staging.zoki.art\/wp-content\/uploads\/2023\/04\/zoki-art-brezslogan-mavricni.svg\",\"caption\":\"Zoki.art \u2013 navihane \u010di\u010dke in \u010da\u010dke in ra\u010dke za najne\u017enej\u0161e du\u0161e\"},\"image\":{\"@id\":\"https:\/\/staging.zoki.art\/#\/schema\/logo\/image\/\"}}]}<\/script>\n<!-- \/ Yoast SEO plugin. -->","yoast_head_json":{"title":"Tote Bag ''Boho Bird'' &#8226; Zoki.art \u2013 navihane \u010di\u010dke in \u010da\u010dke in ra\u010dke za najne\u017enej\u0161e du\u0161e","description":"Tote bag with the Zoki.art illustration \"Boho Bird\" print is a real fashion accessory that turns even the most boring outfit into a colorful adventure.","robots":{"index":"noindex","follow":"follow","max-snippet":"max-snippet:-1","max-image-preview":"max-image-preview:large","max-video-preview":"max-video-preview:-1"},"og_locale":"en_US","og_type":"article","og_title":"Tote Bag ''Boho Bird'' &#8226; Zoki.art \u2013 navihane \u010di\u010dke in \u010da\u010dke in ra\u010dke za najne\u017enej\u0161e du\u0161e","og_description":"Tote bag with the Zoki.art illustration \"Boho Bird\" print is a real fashion accessory that turns even the most boring outfit into a colorful adventure.","og_url":"https:\/\/staging.zoki.art\/en\/product\/canvas-tote-bag-girl-dremas-boho-bird\/","og_site_name":"Zoki.art \u2013 navihane \u010di\u010dke in \u010da\u010dke in ra\u010dke za najne\u017enej\u0161e du\u0161e","article_modified_time":"2025-01-02T12:37:54+00:00","og_image":[{"width":1440,"height":1920,"url":"https:\/\/staging.zoki.art\/wp-content\/uploads\/2024\/06\/20240618_093652.jpg","type":"image\/jpeg"}],"twitter_card":"summary_large_image","twitter_misc":{"Est. reading time":"2 minutes"},"schema":{"@context":"https:\/\/schema.org","@graph":[{"@type":"WebPage","@id":"https:\/\/staging.zoki.art\/en\/product\/canvas-tote-bag-girl-dremas-boho-bird\/","url":"https:\/\/staging.zoki.art\/en\/product\/canvas-tote-bag-girl-dremas-boho-bird\/","name":"Tote Bag ''Boho Bird'' &#8226; Zoki.art \u2013 navihane \u010di\u010dke in \u010da\u010dke in ra\u010dke za najne\u017enej\u0161e du\u0161e","isPartOf":{"@id":"https:\/\/staging.zoki.art\/#website"},"primaryImageOfPage":{"@id":"https:\/\/staging.zoki.art\/en\/product\/canvas-tote-bag-girl-dremas-boho-bird\/#primaryimage"},"image":{"@id":"https:\/\/staging.zoki.art\/en\/product\/canvas-tote-bag-girl-dremas-boho-bird\/#primaryimage"},"thumbnailUrl":"https:\/\/staging.zoki.art\/wp-content\/uploads\/2024\/06\/20240618_093652.jpg","datePublished":"2024-06-18T15:02:22+00:00","dateModified":"2025-01-02T12:37:54+00:00","description":"Tote bag with the Zoki.art illustration \"Boho Bird\" print is a real fashion accessory that turns even the most boring outfit into a colorful adventure.","breadcrumb":{"@id":"https:\/\/staging.zoki.art\/en\/product\/canvas-tote-bag-girl-dremas-boho-bird\/#breadcrumb"},"inLanguage":"en-US","potentialAction":[{"@type":"ReadAction","target":["https:\/\/staging.zoki.art\/en\/product\/canvas-tote-bag-girl-dremas-boho-bird\/"]}]},{"@type":"ImageObject","inLanguage":"en-US","@id":"https:\/\/staging.zoki.art\/en\/product\/canvas-tote-bag-girl-dremas-boho-bird\/#primaryimage","url":"https:\/\/staging.zoki.art\/wp-content\/uploads\/2024\/06\/20240618_093652.jpg","contentUrl":"https:\/\/staging.zoki.art\/wp-content\/uploads\/2024\/06\/20240618_093652.jpg","width":1440,"height":1920},{"@type":"BreadcrumbList","@id":"https:\/\/staging.zoki.art\/en\/product\/canvas-tote-bag-girl-dremas-boho-bird\/#breadcrumb","itemListElement":[{"@type":"ListItem","position":1,"name":"Domov","item":"https:\/\/staging.zoki.art\/en\/"},{"@type":"ListItem","position":2,"name":"Shop","item":"https:\/\/staging.zoki.art\/en\/shop\/"},{"@type":"ListItem","position":3,"name":"Tote Bag &#8221;Boho Bird&#8221;"}]},{"@type":"WebSite","@id":"https:\/\/staging.zoki.art\/#website","url":"https:\/\/staging.zoki.art\/","name":"Zoki.art \u2013 navihane \u010di\u010dke in \u010da\u010dke in ra\u010dke za najne\u017enej\u0161e du\u0161e","description":"\u017deli\u0161 stran od teh te\u010dnih, nejevoljnih in utrujenih misli. Greva! Te peljem na oblaku v svet domi\u0161ljije. Med stolpnice, ki niso sive in kovinaste, kot plo\u0161\u010dica v kolenu sosedove Minke. Moje so pisane in razigrane in znajo \u017evrgoleti. V njih raste velikansko cvetje in vedno lepo di\u0161i. Vsaj za trenutek, zbe\u017eiva v pravljco.","publisher":{"@id":"https:\/\/staging.zoki.art\/#organization"},"alternateName":"Zoki.art \u2013 navihane \u010di\u010dke in \u010da\u010dke in ra\u010dke za najne\u017enej\u0161e du\u0161e","potentialAction":[{"@type":"SearchAction","target":{"@type":"EntryPoint","urlTemplate":"https:\/\/staging.zoki.art\/?s={search_term_string}"},"query-input":{"@type":"PropertyValueSpecification","valueRequired":true,"valueName":"search_term_string"}}],"inLanguage":"en-US"},{"@type":"Organization","@id":"https:\/\/staging.zoki.art\/#organization","name":"Zoki.art \u2013 navihane \u010di\u010dke in \u010da\u010dke in ra\u010dke za najne\u017enej\u0161e du\u0161e","alternateName":"Zoki.art \u2013 navihane \u010di\u010dke in \u010da\u010dke in ra\u010dke za najne\u017enej\u0161e du\u0161e","url":"https:\/\/staging.zoki.art\/","logo":{"@type":"ImageObject","inLanguage":"en-US","@id":"https:\/\/staging.zoki.art\/#\/schema\/logo\/image\/","url":"https:\/\/staging.zoki.art\/wp-content\/uploads\/2023\/04\/zoki-art-brezslogan-mavricni.svg","contentUrl":"https:\/\/staging.zoki.art\/wp-content\/uploads\/2023\/04\/zoki-art-brezslogan-mavricni.svg","caption":"Zoki.art \u2013 navihane \u010di\u010dke in \u010da\u010dke in ra\u010dke za najne\u017enej\u0161e du\u0161e"},"image":{"@id":"https:\/\/staging.zoki.art\/#\/schema\/logo\/image\/"}}]}},"_links":{"self":[{"href":"https:\/\/staging.zoki.art\/en\/wp-json\/wp\/v2\/product\/6826","targetHints":{"allow":["GET"]}}],"collection":[{"href":"https:\/\/staging.zoki.art\/en\/wp-json\/wp\/v2\/product"}],"about":[{"href":"https:\/\/staging.zoki.art\/en\/wp-json\/wp\/v2\/types\/product"}],"replies":[{"embeddable":true,"href":"https:\/\/staging.zoki.art\/en\/wp-json\/wp\/v2\/comments?post=6826"}],"wp:featuredmedia":[{"embeddable":true,"href":"https:\/\/staging.zoki.art\/en\/wp-json\/wp\/v2\/media\/5779"}],"wp:attachment":[{"href":"https:\/\/staging.zoki.art\/en\/wp-json\/wp\/v2\/media?parent=6826"}],"wp:term":[{"taxonomy":"product_brand","embeddable":true,"href":"https:\/\/staging.zoki.art\/en\/wp-json\/wp\/v2\/product_brand?post=6826"},{"taxonomy":"product_cat","embeddable":true,"href":"https:\/\/staging.zoki.art\/en\/wp-json\/wp\/v2\/product_cat?post=6826"},{"taxonomy":"product_tag","embeddable":true,"href":"https:\/\/staging.zoki.art\/en\/wp-json\/wp\/v2\/product_tag?post=6826"}],"curies":[{"name":"wp","href":"https:\/\/api.w.org\/{rel}","templated":true}]}}