{"id":6800,"date":"2023-12-20T10:39:11","date_gmt":"2023-12-20T09:39:11","guid":{"rendered":"https:\/\/staging.zoki.art\/izdelek\/umetniski-set-za-akvarel\/"},"modified":"2025-01-02T14:10:53","modified_gmt":"2025-01-02T13:10:53","slug":"watercolor-art-set","status":"publish","type":"product","link":"https:\/\/staging.zoki.art\/en\/product\/watercolor-art-set\/","title":{"rendered":"Watercolor art set"},"content":{"rendered":"<p><span class=\"HwtZe\" lang=\"en\"><span class=\"jCAhz ChMk0b\"><span class=\"ryNqvb\">Content of the set: <\/span><\/span><\/span><\/p>\n<ul>\n<li><span class=\"HwtZe\" lang=\"en\"><span class=\"jCAhz ChMk0b\"><span class=\"ryNqvb\">Aquafine watercolor tablets set 2 <\/span><\/span><\/span><\/li>\n<li><span class=\"HwtZe\" lang=\"en\"><span class=\"jCAhz ChMk0b\"><span class=\"ryNqvb\">Designer gouache &#8211; 2x (gold and white) <\/span><\/span><\/span><\/li>\n<li><span class=\"HwtZe\" lang=\"en\"><span class=\"jCAhz ChMk0b\"><span class=\"ryNqvb\">Langton watercolor paper &#8211; 12 sheets <\/span><\/span><\/span><\/li>\n<li><span class=\"HwtZe\" lang=\"en\"><span class=\"jCAhz ChMk0b\"><span class=\"ryNqvb\">Petit Gris wash 2 brush <\/span><\/span><\/span><\/li>\n<li><span class=\"HwtZe\" lang=\"en\"><span class=\"jCAhz ChMk0b\"><span class=\"ryNqvb\">Zoki.art notebook A6 &#8211; 80 sheets <\/span><\/span><\/span><\/li>\n<li><span class=\"HwtZe\" lang=\"en\"><span class=\"jCAhz ChMk0b\"><span class=\"ryNqvb\">Zoki.art print A6 <\/span><\/span><\/span><\/li>\n<li><span class=\"HwtZe\" lang=\"en\"><span class=\"jCAhz ChMk0b\"><span class=\"ryNqvb\">Zoki.art magnet <\/span><\/span><\/span><\/li>\n<\/ul>\n<p><span class=\"HwtZe\" lang=\"en\"><span class=\"jCAhz ChMk0b\"><span class=\"ryNqvb\">The art set will be carefully and very nicely packaged.<\/span><\/span><\/span><\/p>\n","protected":false},"excerpt":{"rendered":"<div class=\"lRu31\" dir=\"ltr\"><span class=\"HwtZe\" lang=\"en\"><span class=\"jCAhz ChMk0b\"><span class=\"ryNqvb\">I am very glad that you were attracted to this beautiful set, with which you will take the time to create and explore water-based shades.<\/span><\/span> <\/span><\/div>\n<div dir=\"ltr\"><\/div>\n<div class=\"lRu31\" dir=\"ltr\"><span class=\"HwtZe\" lang=\"en\"><span class=\"jCAhz ChMk0b\"><span class=\"ryNqvb\">It often happens that we are visually attracted to different painting techniques and<\/span><\/span> w<span class=\"jCAhz ChMk0b\"><span class=\"ryNqvb\">e would like to try them ourselves.<\/span><\/span> <span class=\"jCAhz ChMk0b\"><span class=\"ryNqvb\">But the headache we face at the beginning is that we often do not know what and how to start \u2013 which colors to choose, paper, and I don&#8217;t even want to start about the brush!<\/span><\/span> <span class=\"jCAhz ChMk0b\"><span class=\"ryNqvb\">That is why I joined forces with the Rayher store and together we designed an art set that will take you into the wonderful world of water-based painting.<\/span><\/span> <\/span><\/div>\n<div dir=\"ltr\"><\/div>\n<div class=\"lRu31\" dir=\"ltr\"><span class=\"HwtZe\" lang=\"en\"><span class=\"jCAhz ChMk0b\"><span class=\"ryNqvb\">In my work, I adhere to the principle of carefully choosing the materials I work with.<\/span><\/span> <span class=\"jCAhz ChMk0b\"><span class=\"ryNqvb\">Only in this way I can create images that are technically and substantively rich.<\/span><\/span> <span class=\"jCAhz ChMk0b\"><span class=\"ryNqvb\">It is precisely because of high-quality materials that the pleasure of painting and the final result are much, much greater!<\/span><\/span> <span class=\"jCAhz ChMk0b\"><span class=\"ryNqvb\">I also advise the participants of my art workshops the same way \u2013 Choose fewer tools, but they should be as high-quality as possible.<\/span><\/span><\/span><\/div>\n<div dir=\"ltr\"><\/div>\n<div dir=\"ltr\"><\/div>\n<p>&nbsp;<\/p>\n","protected":false},"featured_media":5198,"comment_status":"open","ping_status":"closed","template":"","meta":{"inline_featured_image":false,"_monsterinsights_skip_tracking":false,"_monsterinsights_sitenote_active":false,"_monsterinsights_sitenote_note":"","_monsterinsights_sitenote_category":0,"_genesis_hide_title":false,"_genesis_hide_breadcrumbs":false,"_genesis_hide_singular_image":false,"_genesis_hide_footer_widgets":false,"_genesis_custom_body_class":"","_genesis_custom_post_class":"","_genesis_layout":""},"product_brand":[],"product_cat":[166],"product_tag":[],"class_list":{"0":"post-6800","1":"product","2":"type-product","3":"status-publish","4":"has-post-thumbnail","6":"product_cat-umetniski-set-en","7":"entry","9":"first","10":"instock","11":"featured","12":"shipping-taxable","13":"purchasable","14":"product-type-simple"},"yoast_head":"<!-- This site is optimized with the Yoast SEO plugin v24.2 - https:\/\/yoast.com\/wordpress\/plugins\/seo\/ -->\n<title>Watercolor art set &#8226; Zoki.art \u2013 navihane \u010di\u010dke in \u010da\u010dke in ra\u010dke za najne\u017enej\u0161e du\u0161e<\/title>\n<meta name=\"description\" content=\"I carefully choose the materials I work with. This is the only way I can create images that are technically and content-wise rich enough.\" \/>\n<meta name=\"robots\" content=\"noindex, follow, max-snippet:-1, max-image-preview:large, max-video-preview:-1\" \/>\n<meta property=\"og:locale\" content=\"en_US\" \/>\n<meta property=\"og:type\" content=\"article\" \/>\n<meta property=\"og:title\" content=\"Watercolor art set &#8226; Zoki.art \u2013 navihane \u010di\u010dke in \u010da\u010dke in ra\u010dke za najne\u017enej\u0161e du\u0161e\" \/>\n<meta property=\"og:description\" content=\"I carefully choose the materials I work with. This is the only way I can create images that are technically and content-wise rich enough.\" \/>\n<meta property=\"og:url\" content=\"https:\/\/staging.zoki.art\/en\/product\/watercolor-art-set\/\" \/>\n<meta property=\"og:site_name\" content=\"Zoki.art \u2013 navihane \u010di\u010dke in \u010da\u010dke in ra\u010dke za najne\u017enej\u0161e du\u0161e\" \/>\n<meta property=\"article:modified_time\" content=\"2025-01-02T13:10:53+00:00\" \/>\n<meta property=\"og:image\" content=\"https:\/\/staging.zoki.art\/wp-content\/uploads\/2023\/12\/20231206_135042.jpg\" \/>\n\t<meta property=\"og:image:width\" content=\"1920\" \/>\n\t<meta property=\"og:image:height\" content=\"1920\" \/>\n\t<meta property=\"og:image:type\" content=\"image\/jpeg\" \/>\n<meta name=\"twitter:card\" content=\"summary_large_image\" \/>\n<meta name=\"twitter:label1\" content=\"Est. reading time\" \/>\n\t<meta name=\"twitter:data1\" content=\"1 minute\" \/>\n<script type=\"application\/ld+json\" class=\"yoast-schema-graph\">{\"@context\":\"https:\/\/schema.org\",\"@graph\":[{\"@type\":\"WebPage\",\"@id\":\"https:\/\/staging.zoki.art\/en\/product\/watercolor-art-set\/\",\"url\":\"https:\/\/staging.zoki.art\/en\/product\/watercolor-art-set\/\",\"name\":\"Watercolor art set &#8226; Zoki.art \u2013 navihane \u010di\u010dke in \u010da\u010dke in ra\u010dke za najne\u017enej\u0161e du\u0161e\",\"isPartOf\":{\"@id\":\"https:\/\/staging.zoki.art\/#website\"},\"primaryImageOfPage\":{\"@id\":\"https:\/\/staging.zoki.art\/en\/product\/watercolor-art-set\/#primaryimage\"},\"image\":{\"@id\":\"https:\/\/staging.zoki.art\/en\/product\/watercolor-art-set\/#primaryimage\"},\"thumbnailUrl\":\"https:\/\/staging.zoki.art\/wp-content\/uploads\/2023\/12\/20231206_135042.jpg\",\"datePublished\":\"2023-12-20T09:39:11+00:00\",\"dateModified\":\"2025-01-02T13:10:53+00:00\",\"description\":\"I carefully choose the materials I work with. This is the only way I can create images that are technically and content-wise rich enough.\",\"breadcrumb\":{\"@id\":\"https:\/\/staging.zoki.art\/en\/product\/watercolor-art-set\/#breadcrumb\"},\"inLanguage\":\"en-US\",\"potentialAction\":[{\"@type\":\"ReadAction\",\"target\":[\"https:\/\/staging.zoki.art\/en\/product\/watercolor-art-set\/\"]}]},{\"@type\":\"ImageObject\",\"inLanguage\":\"en-US\",\"@id\":\"https:\/\/staging.zoki.art\/en\/product\/watercolor-art-set\/#primaryimage\",\"url\":\"https:\/\/staging.zoki.art\/wp-content\/uploads\/2023\/12\/20231206_135042.jpg\",\"contentUrl\":\"https:\/\/staging.zoki.art\/wp-content\/uploads\/2023\/12\/20231206_135042.jpg\",\"width\":1920,\"height\":1920},{\"@type\":\"BreadcrumbList\",\"@id\":\"https:\/\/staging.zoki.art\/en\/product\/watercolor-art-set\/#breadcrumb\",\"itemListElement\":[{\"@type\":\"ListItem\",\"position\":1,\"name\":\"Domov\",\"item\":\"https:\/\/staging.zoki.art\/en\/\"},{\"@type\":\"ListItem\",\"position\":2,\"name\":\"Shop\",\"item\":\"https:\/\/staging.zoki.art\/en\/shop\/\"},{\"@type\":\"ListItem\",\"position\":3,\"name\":\"Watercolor art set\"}]},{\"@type\":\"WebSite\",\"@id\":\"https:\/\/staging.zoki.art\/#website\",\"url\":\"https:\/\/staging.zoki.art\/\",\"name\":\"Zoki.art \u2013 navihane \u010di\u010dke in \u010da\u010dke in ra\u010dke za najne\u017enej\u0161e du\u0161e\",\"description\":\"\u017deli\u0161 stran od teh te\u010dnih, nejevoljnih in utrujenih misli. Greva! Te peljem na oblaku v svet domi\u0161ljije. Med stolpnice, ki niso sive in kovinaste, kot plo\u0161\u010dica v kolenu sosedove Minke. Moje so pisane in razigrane in znajo \u017evrgoleti. V njih raste velikansko cvetje in vedno lepo di\u0161i. Vsaj za trenutek, zbe\u017eiva v pravljco.\",\"publisher\":{\"@id\":\"https:\/\/staging.zoki.art\/#organization\"},\"alternateName\":\"Zoki.art \u2013 navihane \u010di\u010dke in \u010da\u010dke in ra\u010dke za najne\u017enej\u0161e du\u0161e\",\"potentialAction\":[{\"@type\":\"SearchAction\",\"target\":{\"@type\":\"EntryPoint\",\"urlTemplate\":\"https:\/\/staging.zoki.art\/?s={search_term_string}\"},\"query-input\":{\"@type\":\"PropertyValueSpecification\",\"valueRequired\":true,\"valueName\":\"search_term_string\"}}],\"inLanguage\":\"en-US\"},{\"@type\":\"Organization\",\"@id\":\"https:\/\/staging.zoki.art\/#organization\",\"name\":\"Zoki.art \u2013 navihane \u010di\u010dke in \u010da\u010dke in ra\u010dke za najne\u017enej\u0161e du\u0161e\",\"alternateName\":\"Zoki.art \u2013 navihane \u010di\u010dke in \u010da\u010dke in ra\u010dke za najne\u017enej\u0161e du\u0161e\",\"url\":\"https:\/\/staging.zoki.art\/\",\"logo\":{\"@type\":\"ImageObject\",\"inLanguage\":\"en-US\",\"@id\":\"https:\/\/staging.zoki.art\/#\/schema\/logo\/image\/\",\"url\":\"https:\/\/staging.zoki.art\/wp-content\/uploads\/2023\/04\/zoki-art-brezslogan-mavricni.svg\",\"contentUrl\":\"https:\/\/staging.zoki.art\/wp-content\/uploads\/2023\/04\/zoki-art-brezslogan-mavricni.svg\",\"caption\":\"Zoki.art \u2013 navihane \u010di\u010dke in \u010da\u010dke in ra\u010dke za najne\u017enej\u0161e du\u0161e\"},\"image\":{\"@id\":\"https:\/\/staging.zoki.art\/#\/schema\/logo\/image\/\"}}]}<\/script>\n<!-- \/ Yoast SEO plugin. -->","yoast_head_json":{"title":"Watercolor art set &#8226; Zoki.art \u2013 navihane \u010di\u010dke in \u010da\u010dke in ra\u010dke za najne\u017enej\u0161e du\u0161e","description":"I carefully choose the materials I work with. This is the only way I can create images that are technically and content-wise rich enough.","robots":{"index":"noindex","follow":"follow","max-snippet":"max-snippet:-1","max-image-preview":"max-image-preview:large","max-video-preview":"max-video-preview:-1"},"og_locale":"en_US","og_type":"article","og_title":"Watercolor art set &#8226; Zoki.art \u2013 navihane \u010di\u010dke in \u010da\u010dke in ra\u010dke za najne\u017enej\u0161e du\u0161e","og_description":"I carefully choose the materials I work with. This is the only way I can create images that are technically and content-wise rich enough.","og_url":"https:\/\/staging.zoki.art\/en\/product\/watercolor-art-set\/","og_site_name":"Zoki.art \u2013 navihane \u010di\u010dke in \u010da\u010dke in ra\u010dke za najne\u017enej\u0161e du\u0161e","article_modified_time":"2025-01-02T13:10:53+00:00","og_image":[{"width":1920,"height":1920,"url":"https:\/\/staging.zoki.art\/wp-content\/uploads\/2023\/12\/20231206_135042.jpg","type":"image\/jpeg"}],"twitter_card":"summary_large_image","twitter_misc":{"Est. reading time":"1 minute"},"schema":{"@context":"https:\/\/schema.org","@graph":[{"@type":"WebPage","@id":"https:\/\/staging.zoki.art\/en\/product\/watercolor-art-set\/","url":"https:\/\/staging.zoki.art\/en\/product\/watercolor-art-set\/","name":"Watercolor art set &#8226; Zoki.art \u2013 navihane \u010di\u010dke in \u010da\u010dke in ra\u010dke za najne\u017enej\u0161e du\u0161e","isPartOf":{"@id":"https:\/\/staging.zoki.art\/#website"},"primaryImageOfPage":{"@id":"https:\/\/staging.zoki.art\/en\/product\/watercolor-art-set\/#primaryimage"},"image":{"@id":"https:\/\/staging.zoki.art\/en\/product\/watercolor-art-set\/#primaryimage"},"thumbnailUrl":"https:\/\/staging.zoki.art\/wp-content\/uploads\/2023\/12\/20231206_135042.jpg","datePublished":"2023-12-20T09:39:11+00:00","dateModified":"2025-01-02T13:10:53+00:00","description":"I carefully choose the materials I work with. This is the only way I can create images that are technically and content-wise rich enough.","breadcrumb":{"@id":"https:\/\/staging.zoki.art\/en\/product\/watercolor-art-set\/#breadcrumb"},"inLanguage":"en-US","potentialAction":[{"@type":"ReadAction","target":["https:\/\/staging.zoki.art\/en\/product\/watercolor-art-set\/"]}]},{"@type":"ImageObject","inLanguage":"en-US","@id":"https:\/\/staging.zoki.art\/en\/product\/watercolor-art-set\/#primaryimage","url":"https:\/\/staging.zoki.art\/wp-content\/uploads\/2023\/12\/20231206_135042.jpg","contentUrl":"https:\/\/staging.zoki.art\/wp-content\/uploads\/2023\/12\/20231206_135042.jpg","width":1920,"height":1920},{"@type":"BreadcrumbList","@id":"https:\/\/staging.zoki.art\/en\/product\/watercolor-art-set\/#breadcrumb","itemListElement":[{"@type":"ListItem","position":1,"name":"Domov","item":"https:\/\/staging.zoki.art\/en\/"},{"@type":"ListItem","position":2,"name":"Shop","item":"https:\/\/staging.zoki.art\/en\/shop\/"},{"@type":"ListItem","position":3,"name":"Watercolor art set"}]},{"@type":"WebSite","@id":"https:\/\/staging.zoki.art\/#website","url":"https:\/\/staging.zoki.art\/","name":"Zoki.art \u2013 navihane \u010di\u010dke in \u010da\u010dke in ra\u010dke za najne\u017enej\u0161e du\u0161e","description":"\u017deli\u0161 stran od teh te\u010dnih, nejevoljnih in utrujenih misli. Greva! Te peljem na oblaku v svet domi\u0161ljije. Med stolpnice, ki niso sive in kovinaste, kot plo\u0161\u010dica v kolenu sosedove Minke. Moje so pisane in razigrane in znajo \u017evrgoleti. V njih raste velikansko cvetje in vedno lepo di\u0161i. Vsaj za trenutek, zbe\u017eiva v pravljco.","publisher":{"@id":"https:\/\/staging.zoki.art\/#organization"},"alternateName":"Zoki.art \u2013 navihane \u010di\u010dke in \u010da\u010dke in ra\u010dke za najne\u017enej\u0161e du\u0161e","potentialAction":[{"@type":"SearchAction","target":{"@type":"EntryPoint","urlTemplate":"https:\/\/staging.zoki.art\/?s={search_term_string}"},"query-input":{"@type":"PropertyValueSpecification","valueRequired":true,"valueName":"search_term_string"}}],"inLanguage":"en-US"},{"@type":"Organization","@id":"https:\/\/staging.zoki.art\/#organization","name":"Zoki.art \u2013 navihane \u010di\u010dke in \u010da\u010dke in ra\u010dke za najne\u017enej\u0161e du\u0161e","alternateName":"Zoki.art \u2013 navihane \u010di\u010dke in \u010da\u010dke in ra\u010dke za najne\u017enej\u0161e du\u0161e","url":"https:\/\/staging.zoki.art\/","logo":{"@type":"ImageObject","inLanguage":"en-US","@id":"https:\/\/staging.zoki.art\/#\/schema\/logo\/image\/","url":"https:\/\/staging.zoki.art\/wp-content\/uploads\/2023\/04\/zoki-art-brezslogan-mavricni.svg","contentUrl":"https:\/\/staging.zoki.art\/wp-content\/uploads\/2023\/04\/zoki-art-brezslogan-mavricni.svg","caption":"Zoki.art \u2013 navihane \u010di\u010dke in \u010da\u010dke in ra\u010dke za najne\u017enej\u0161e du\u0161e"},"image":{"@id":"https:\/\/staging.zoki.art\/#\/schema\/logo\/image\/"}}]}},"_links":{"self":[{"href":"https:\/\/staging.zoki.art\/en\/wp-json\/wp\/v2\/product\/6800","targetHints":{"allow":["GET"]}}],"collection":[{"href":"https:\/\/staging.zoki.art\/en\/wp-json\/wp\/v2\/product"}],"about":[{"href":"https:\/\/staging.zoki.art\/en\/wp-json\/wp\/v2\/types\/product"}],"replies":[{"embeddable":true,"href":"https:\/\/staging.zoki.art\/en\/wp-json\/wp\/v2\/comments?post=6800"}],"wp:featuredmedia":[{"embeddable":true,"href":"https:\/\/staging.zoki.art\/en\/wp-json\/wp\/v2\/media\/5198"}],"wp:attachment":[{"href":"https:\/\/staging.zoki.art\/en\/wp-json\/wp\/v2\/media?parent=6800"}],"wp:term":[{"taxonomy":"product_brand","embeddable":true,"href":"https:\/\/staging.zoki.art\/en\/wp-json\/wp\/v2\/product_brand?post=6800"},{"taxonomy":"product_cat","embeddable":true,"href":"https:\/\/staging.zoki.art\/en\/wp-json\/wp\/v2\/product_cat?post=6800"},{"taxonomy":"product_tag","embeddable":true,"href":"https:\/\/staging.zoki.art\/en\/wp-json\/wp\/v2\/product_tag?post=6800"}],"curies":[{"name":"wp","href":"https:\/\/api.w.org\/{rel}","templated":true}]}}