{"id":6798,"date":"2024-05-29T16:59:38","date_gmt":"2024-05-29T14:59:38","guid":{"rendered":"https:\/\/staging.zoki.art\/izdelek\/zlato-milo-beti\/"},"modified":"2025-01-02T14:09:19","modified_gmt":"2025-01-02T13:09:19","slug":"gold-soap-beti","status":"publish","type":"product","link":"https:\/\/staging.zoki.art\/en\/product\/gold-soap-beti\/","title":{"rendered":"Golden Soap BETI"},"content":{"rendered":"<div class=\"QFw9Te BLojaf\">\n<div class=\"hlJJmd\">\n<div class=\"D5aOJc Hapztf\"><span class=\"HwtZe\" lang=\"en\"><span class=\"jCAhz ChMk0b\"><span class=\"ryNqvb\">Natural Gold Soap BETI is handmade.<\/span><\/span> <span class=\"jCAhz ChMk0b\"><span class=\"ryNqvb\">It contains goat milk, clay, unrefined shea butter, cold-pressed coconut oil and 23-carat gold flakes.<\/span><\/span> <span class=\"jCAhz ChMk0b\"><span class=\"ryNqvb\">It can be used several times a day.<\/span><\/span> <span class=\"jCAhz ChMk0b\"><span class=\"ryNqvb\">It is extremely gentle on the skin and foams wonderfully.<\/span><\/span> <span class=\"jCAhz ChMk0b\"><span class=\"ryNqvb\">(no, no, not so much that you can blow bubbles with it) <\/span><\/span><\/span><\/div>\n<\/div>\n<div><\/div>\n<div class=\"hlJJmd\">\n<div class=\"D5aOJc Hapztf\"><span class=\"HwtZe\" lang=\"en\"><span class=\"jCAhz ChMk0b\"><span class=\"ryNqvb\">FRAGRANCE: delicate, floral <\/span><\/span><\/span><\/div>\n<\/div>\n<div><\/div>\n<div class=\"hlJJmd\">\n<div class=\"D5aOJc Hapztf\"><span class=\"HwtZe\" lang=\"en\"><span class=\"jCAhz ChMk0b\"><span class=\"ryNqvb\">WEIGHT: 100g<\/span><\/span><\/span><\/div>\n<div><\/div>\n<\/div>\n<\/div>\n<p><a href=\"https:\/\/staging.zoki.art\/wp-content\/uploads\/2024\/05\/20241023_121946-300x300.jpg\"><img decoding=\"async\" class=\"alignnone size-medium wp-image-6231\" src=\"https:\/\/staging.zoki.art\/wp-content\/uploads\/2024\/05\/20241023_121946-300x300.jpg\" alt=\"\" width=\"300\" height=\"300\" srcset=\"https:\/\/staging.zoki.art\/wp-content\/uploads\/2024\/05\/20241023_121946-300x300.jpg 300w, https:\/\/staging.zoki.art\/wp-content\/uploads\/2024\/05\/20241023_121946-1024x1024.jpg 1024w, https:\/\/staging.zoki.art\/wp-content\/uploads\/2024\/05\/20241023_121946-150x150.jpg 150w, https:\/\/staging.zoki.art\/wp-content\/uploads\/2024\/05\/20241023_121946-768x768.jpg 768w, https:\/\/staging.zoki.art\/wp-content\/uploads\/2024\/05\/20241023_121946-1536x1536.jpg 1536w, https:\/\/staging.zoki.art\/wp-content\/uploads\/2024\/05\/20241023_121946-75x75.jpg 75w, https:\/\/staging.zoki.art\/wp-content\/uploads\/2024\/05\/20241023_121946-600x600.jpg 600w, https:\/\/staging.zoki.art\/wp-content\/uploads\/2024\/05\/20241023_121946-500x500.jpg 500w, https:\/\/staging.zoki.art\/wp-content\/uploads\/2024\/05\/20241023_121946-655x655.jpg 655w, https:\/\/staging.zoki.art\/wp-content\/uploads\/2024\/05\/20241023_121946-180x180.jpg 180w, https:\/\/staging.zoki.art\/wp-content\/uploads\/2024\/05\/20241023_121946.jpg 1920w\" sizes=\"(max-width: 300px) 100vw, 300px\" \/><\/a> <a href=\"https:\/\/staging.zoki.art\/wp-content\/uploads\/2024\/05\/20241023_122930-300x300.jpg\"><img decoding=\"async\" class=\"alignnone size-medium wp-image-6233\" src=\"https:\/\/staging.zoki.art\/wp-content\/uploads\/2024\/05\/20241023_122930-300x300.jpg\" alt=\"\" width=\"300\" height=\"300\" srcset=\"https:\/\/staging.zoki.art\/wp-content\/uploads\/2024\/05\/20241023_122930-300x300.jpg 300w, https:\/\/staging.zoki.art\/wp-content\/uploads\/2024\/05\/20241023_122930-1024x1024.jpg 1024w, https:\/\/staging.zoki.art\/wp-content\/uploads\/2024\/05\/20241023_122930-150x150.jpg 150w, https:\/\/staging.zoki.art\/wp-content\/uploads\/2024\/05\/20241023_122930-768x768.jpg 768w, https:\/\/staging.zoki.art\/wp-content\/uploads\/2024\/05\/20241023_122930-1536x1536.jpg 1536w, https:\/\/staging.zoki.art\/wp-content\/uploads\/2024\/05\/20241023_122930-75x75.jpg 75w, https:\/\/staging.zoki.art\/wp-content\/uploads\/2024\/05\/20241023_122930-600x600.jpg 600w, https:\/\/staging.zoki.art\/wp-content\/uploads\/2024\/05\/20241023_122930-500x500.jpg 500w, https:\/\/staging.zoki.art\/wp-content\/uploads\/2024\/05\/20241023_122930-655x655.jpg 655w, https:\/\/staging.zoki.art\/wp-content\/uploads\/2024\/05\/20241023_122930-180x180.jpg 180w, https:\/\/staging.zoki.art\/wp-content\/uploads\/2024\/05\/20241023_122930.jpg 1920w\" sizes=\"(max-width: 300px) 100vw, 300px\" \/><\/a><\/p>\n<p>&nbsp;<\/p>\n","protected":false},"excerpt":{"rendered":"<p><span class=\"HwtZe\" lang=\"en\"><span class=\"jCAhz ChMk0b\"><span class=\"ryNqvb\">Golden Soap BETI is a gentle, fragrant and completely natural soap that will captivate you with its appearance, scent and composition.<\/span><\/span> <\/span><\/p>\n<p><span class=\"HwtZe\" lang=\"en\"><span class=\"jCAhz ChMk0b\"><span class=\"ryNqvb\">For a long time, I have wanted to include something fragrant, sophisticated and sparkling in my offer, which would be rounded off by subtle flowers.<\/span><\/span> <span class=\"jCAhz ChMk0b\"><span class=\"ryNqvb\">AND because I am a &#8221;soap freak persona&#8221; myself it led me to create Zoki.art soap for you.<\/span><\/span> <\/span><\/p>\n<p><span class=\"HwtZe\" lang=\"en\"><span class=\"jCAhz ChMk0b\"><span class=\"ryNqvb\">What exactly does Zoki.art soap mean &#8211; it means that I drew the design for the appearance of the soap myself.<\/span><\/span> <span class=\"jCAhz ChMk0b\"><span class=\"ryNqvb\">Including all the glitter in it, that&#8217;s right.<\/span><\/span> <span class=\"jCAhz ChMk0b\"><span class=\"ryNqvb\">The soap was then carefully mixed for you by Sara from <a href=\"https:\/\/www.zajfi.si\/\" target=\"_blank\" rel=\"noopener\">Zajfi.si<\/a>, according to her own recipe and suggestions. She poured each one by hand, inserted beads and sprinkled it with sparkling particles of 23-carat gold.<\/span><\/span> <\/span><\/p>\n<p><span class=\"HwtZe\" lang=\"en\"><span class=\"jCAhz ChMk0b\"><span class=\"ryNqvb\">It was important to me that the soap was unique in content, as well as visually finished, both outside and inside.<\/span><\/span> <span class=\"jCAhz ChMk0b\"><span class=\"ryNqvb\">For the winter-autumn version, I changed the packaging to one of the Flower Girls, which you can find in the new <a href=\"https:\/\/staging.zoki.art\/izdelek\/stenski-koledar-2025\/\">2025 wall calendar<\/a>, so that all your holiday gifts will be extra stylish!<\/span><\/span> <span class=\"jCAhz ChMk0b\"><span class=\"ryNqvb\">With her crazy, magical fingers, my Darja (<a href=\"https:\/\/www.facebook.com\/darjamalaricdizajn\" target=\"_blank\" rel=\"noopener\">Darjadizajn<\/a>), who takes care of all Zoki.art design gave it an extra twist. <\/span><\/span><\/span><\/p>\n<p><span class=\"HwtZe\" lang=\"en\"><span class=\"jCAhz ChMk0b\"><span class=\"ryNqvb\">And tadaaaa.<\/span><\/span> <span class=\"jCAhz\"><span class=\"ryNqvb\">Isn&#8217;t it gorgeous!<\/span><\/span> <span class=\"jCAhz ChMk0b\"><span class=\"ryNqvb\">Let me know when you try it.<\/span><\/span><\/span><\/p>\n","protected":false},"featured_media":6232,"comment_status":"open","ping_status":"closed","template":"","meta":{"inline_featured_image":false,"_monsterinsights_skip_tracking":false,"_monsterinsights_sitenote_active":false,"_monsterinsights_sitenote_note":"","_monsterinsights_sitenote_category":0,"_genesis_hide_title":false,"_genesis_hide_breadcrumbs":false,"_genesis_hide_singular_image":false,"_genesis_hide_footer_widgets":false,"_genesis_custom_body_class":"","_genesis_custom_post_class":"","_genesis_layout":""},"product_brand":[],"product_cat":[165],"product_tag":[],"class_list":{"0":"post-6798","1":"product","2":"type-product","3":"status-publish","4":"has-post-thumbnail","6":"product_cat-kozmetika-en","7":"entry","9":"first","10":"instock","11":"featured","12":"shipping-taxable","13":"purchasable","14":"product-type-simple"},"yoast_head":"<!-- This site is optimized with the Yoast SEO plugin v24.2 - https:\/\/yoast.com\/wordpress\/plugins\/seo\/ -->\n<title>Golden Soap BETI &#8226; Zoki.art \u2013 navihane \u010di\u010dke in \u010da\u010dke in ra\u010dke za najne\u017enej\u0161e du\u0161e<\/title>\n<meta name=\"description\" content=\"Golden Soap BETI is a gentle, fragrant and completely natural soap that will captivate you with its appearance, scent and composition. Golden soap is handmade.\" \/>\n<meta name=\"robots\" content=\"noindex, follow, max-snippet:-1, max-image-preview:large, max-video-preview:-1\" \/>\n<meta property=\"og:locale\" content=\"en_US\" \/>\n<meta property=\"og:type\" content=\"article\" \/>\n<meta property=\"og:title\" content=\"Golden Soap BETI &#8226; Zoki.art \u2013 navihane \u010di\u010dke in \u010da\u010dke in ra\u010dke za najne\u017enej\u0161e du\u0161e\" \/>\n<meta property=\"og:description\" content=\"Golden Soap BETI is a gentle, fragrant and completely natural soap that will captivate you with its appearance, scent and composition. Golden soap is handmade.\" \/>\n<meta property=\"og:url\" content=\"https:\/\/staging.zoki.art\/en\/product\/gold-soap-beti\/\" \/>\n<meta property=\"og:site_name\" content=\"Zoki.art \u2013 navihane \u010di\u010dke in \u010da\u010dke in ra\u010dke za najne\u017enej\u0161e du\u0161e\" \/>\n<meta property=\"article:modified_time\" content=\"2025-01-02T13:09:19+00:00\" \/>\n<meta property=\"og:image\" content=\"https:\/\/staging.zoki.art\/wp-content\/uploads\/2024\/05\/20241023_121946.jpg\" \/>\n\t<meta property=\"og:image:width\" content=\"1920\" \/>\n\t<meta property=\"og:image:height\" content=\"1920\" \/>\n\t<meta property=\"og:image:type\" content=\"image\/jpeg\" \/>\n<meta name=\"twitter:card\" content=\"summary_large_image\" \/>\n<meta name=\"twitter:label1\" content=\"Est. reading time\" \/>\n\t<meta name=\"twitter:data1\" content=\"1 minute\" \/>\n<script type=\"application\/ld+json\" class=\"yoast-schema-graph\">{\"@context\":\"https:\/\/schema.org\",\"@graph\":[{\"@type\":\"WebPage\",\"@id\":\"https:\/\/staging.zoki.art\/en\/product\/gold-soap-beti\/\",\"url\":\"https:\/\/staging.zoki.art\/en\/product\/gold-soap-beti\/\",\"name\":\"Golden Soap BETI &#8226; Zoki.art \u2013 navihane \u010di\u010dke in \u010da\u010dke in ra\u010dke za najne\u017enej\u0161e du\u0161e\",\"isPartOf\":{\"@id\":\"https:\/\/staging.zoki.art\/#website\"},\"primaryImageOfPage\":{\"@id\":\"https:\/\/staging.zoki.art\/en\/product\/gold-soap-beti\/#primaryimage\"},\"image\":{\"@id\":\"https:\/\/staging.zoki.art\/en\/product\/gold-soap-beti\/#primaryimage\"},\"thumbnailUrl\":\"https:\/\/staging.zoki.art\/wp-content\/uploads\/2024\/05\/20241023_121946.jpg\",\"datePublished\":\"2024-05-29T14:59:38+00:00\",\"dateModified\":\"2025-01-02T13:09:19+00:00\",\"description\":\"Golden Soap BETI is a gentle, fragrant and completely natural soap that will captivate you with its appearance, scent and composition. Golden soap is handmade.\",\"breadcrumb\":{\"@id\":\"https:\/\/staging.zoki.art\/en\/product\/gold-soap-beti\/#breadcrumb\"},\"inLanguage\":\"en-US\",\"potentialAction\":[{\"@type\":\"ReadAction\",\"target\":[\"https:\/\/staging.zoki.art\/en\/product\/gold-soap-beti\/\"]}]},{\"@type\":\"ImageObject\",\"inLanguage\":\"en-US\",\"@id\":\"https:\/\/staging.zoki.art\/en\/product\/gold-soap-beti\/#primaryimage\",\"url\":\"https:\/\/staging.zoki.art\/wp-content\/uploads\/2024\/05\/20241023_121946.jpg\",\"contentUrl\":\"https:\/\/staging.zoki.art\/wp-content\/uploads\/2024\/05\/20241023_121946.jpg\",\"width\":1920,\"height\":1920,\"caption\":\"Zlato milo BETI\"},{\"@type\":\"BreadcrumbList\",\"@id\":\"https:\/\/staging.zoki.art\/en\/product\/gold-soap-beti\/#breadcrumb\",\"itemListElement\":[{\"@type\":\"ListItem\",\"position\":1,\"name\":\"Domov\",\"item\":\"https:\/\/staging.zoki.art\/en\/\"},{\"@type\":\"ListItem\",\"position\":2,\"name\":\"Shop\",\"item\":\"https:\/\/staging.zoki.art\/en\/shop\/\"},{\"@type\":\"ListItem\",\"position\":3,\"name\":\"Golden Soap BETI\"}]},{\"@type\":\"WebSite\",\"@id\":\"https:\/\/staging.zoki.art\/#website\",\"url\":\"https:\/\/staging.zoki.art\/\",\"name\":\"Zoki.art \u2013 navihane \u010di\u010dke in \u010da\u010dke in ra\u010dke za najne\u017enej\u0161e du\u0161e\",\"description\":\"\u017deli\u0161 stran od teh te\u010dnih, nejevoljnih in utrujenih misli. Greva! Te peljem na oblaku v svet domi\u0161ljije. Med stolpnice, ki niso sive in kovinaste, kot plo\u0161\u010dica v kolenu sosedove Minke. Moje so pisane in razigrane in znajo \u017evrgoleti. V njih raste velikansko cvetje in vedno lepo di\u0161i. Vsaj za trenutek, zbe\u017eiva v pravljco.\",\"publisher\":{\"@id\":\"https:\/\/staging.zoki.art\/#organization\"},\"alternateName\":\"Zoki.art \u2013 navihane \u010di\u010dke in \u010da\u010dke in ra\u010dke za najne\u017enej\u0161e du\u0161e\",\"potentialAction\":[{\"@type\":\"SearchAction\",\"target\":{\"@type\":\"EntryPoint\",\"urlTemplate\":\"https:\/\/staging.zoki.art\/?s={search_term_string}\"},\"query-input\":{\"@type\":\"PropertyValueSpecification\",\"valueRequired\":true,\"valueName\":\"search_term_string\"}}],\"inLanguage\":\"en-US\"},{\"@type\":\"Organization\",\"@id\":\"https:\/\/staging.zoki.art\/#organization\",\"name\":\"Zoki.art \u2013 navihane \u010di\u010dke in \u010da\u010dke in ra\u010dke za najne\u017enej\u0161e du\u0161e\",\"alternateName\":\"Zoki.art \u2013 navihane \u010di\u010dke in \u010da\u010dke in ra\u010dke za najne\u017enej\u0161e du\u0161e\",\"url\":\"https:\/\/staging.zoki.art\/\",\"logo\":{\"@type\":\"ImageObject\",\"inLanguage\":\"en-US\",\"@id\":\"https:\/\/staging.zoki.art\/#\/schema\/logo\/image\/\",\"url\":\"https:\/\/staging.zoki.art\/wp-content\/uploads\/2023\/04\/zoki-art-brezslogan-mavricni.svg\",\"contentUrl\":\"https:\/\/staging.zoki.art\/wp-content\/uploads\/2023\/04\/zoki-art-brezslogan-mavricni.svg\",\"caption\":\"Zoki.art \u2013 navihane \u010di\u010dke in \u010da\u010dke in ra\u010dke za najne\u017enej\u0161e du\u0161e\"},\"image\":{\"@id\":\"https:\/\/staging.zoki.art\/#\/schema\/logo\/image\/\"}}]}<\/script>\n<!-- \/ Yoast SEO plugin. -->","yoast_head_json":{"title":"Golden Soap BETI &#8226; Zoki.art \u2013 navihane \u010di\u010dke in \u010da\u010dke in ra\u010dke za najne\u017enej\u0161e du\u0161e","description":"Golden Soap BETI is a gentle, fragrant and completely natural soap that will captivate you with its appearance, scent and composition. Golden soap is handmade.","robots":{"index":"noindex","follow":"follow","max-snippet":"max-snippet:-1","max-image-preview":"max-image-preview:large","max-video-preview":"max-video-preview:-1"},"og_locale":"en_US","og_type":"article","og_title":"Golden Soap BETI &#8226; Zoki.art \u2013 navihane \u010di\u010dke in \u010da\u010dke in ra\u010dke za najne\u017enej\u0161e du\u0161e","og_description":"Golden Soap BETI is a gentle, fragrant and completely natural soap that will captivate you with its appearance, scent and composition. Golden soap is handmade.","og_url":"https:\/\/staging.zoki.art\/en\/product\/gold-soap-beti\/","og_site_name":"Zoki.art \u2013 navihane \u010di\u010dke in \u010da\u010dke in ra\u010dke za najne\u017enej\u0161e du\u0161e","article_modified_time":"2025-01-02T13:09:19+00:00","og_image":[{"width":1920,"height":1920,"url":"https:\/\/staging.zoki.art\/wp-content\/uploads\/2024\/05\/20241023_121946.jpg","type":"image\/jpeg"}],"twitter_card":"summary_large_image","twitter_misc":{"Est. reading time":"1 minute"},"schema":{"@context":"https:\/\/schema.org","@graph":[{"@type":"WebPage","@id":"https:\/\/staging.zoki.art\/en\/product\/gold-soap-beti\/","url":"https:\/\/staging.zoki.art\/en\/product\/gold-soap-beti\/","name":"Golden Soap BETI &#8226; Zoki.art \u2013 navihane \u010di\u010dke in \u010da\u010dke in ra\u010dke za najne\u017enej\u0161e du\u0161e","isPartOf":{"@id":"https:\/\/staging.zoki.art\/#website"},"primaryImageOfPage":{"@id":"https:\/\/staging.zoki.art\/en\/product\/gold-soap-beti\/#primaryimage"},"image":{"@id":"https:\/\/staging.zoki.art\/en\/product\/gold-soap-beti\/#primaryimage"},"thumbnailUrl":"https:\/\/staging.zoki.art\/wp-content\/uploads\/2024\/05\/20241023_121946.jpg","datePublished":"2024-05-29T14:59:38+00:00","dateModified":"2025-01-02T13:09:19+00:00","description":"Golden Soap BETI is a gentle, fragrant and completely natural soap that will captivate you with its appearance, scent and composition. Golden soap is handmade.","breadcrumb":{"@id":"https:\/\/staging.zoki.art\/en\/product\/gold-soap-beti\/#breadcrumb"},"inLanguage":"en-US","potentialAction":[{"@type":"ReadAction","target":["https:\/\/staging.zoki.art\/en\/product\/gold-soap-beti\/"]}]},{"@type":"ImageObject","inLanguage":"en-US","@id":"https:\/\/staging.zoki.art\/en\/product\/gold-soap-beti\/#primaryimage","url":"https:\/\/staging.zoki.art\/wp-content\/uploads\/2024\/05\/20241023_121946.jpg","contentUrl":"https:\/\/staging.zoki.art\/wp-content\/uploads\/2024\/05\/20241023_121946.jpg","width":1920,"height":1920,"caption":"Zlato milo BETI"},{"@type":"BreadcrumbList","@id":"https:\/\/staging.zoki.art\/en\/product\/gold-soap-beti\/#breadcrumb","itemListElement":[{"@type":"ListItem","position":1,"name":"Domov","item":"https:\/\/staging.zoki.art\/en\/"},{"@type":"ListItem","position":2,"name":"Shop","item":"https:\/\/staging.zoki.art\/en\/shop\/"},{"@type":"ListItem","position":3,"name":"Golden Soap BETI"}]},{"@type":"WebSite","@id":"https:\/\/staging.zoki.art\/#website","url":"https:\/\/staging.zoki.art\/","name":"Zoki.art \u2013 navihane \u010di\u010dke in \u010da\u010dke in ra\u010dke za najne\u017enej\u0161e du\u0161e","description":"\u017deli\u0161 stran od teh te\u010dnih, nejevoljnih in utrujenih misli. Greva! Te peljem na oblaku v svet domi\u0161ljije. Med stolpnice, ki niso sive in kovinaste, kot plo\u0161\u010dica v kolenu sosedove Minke. Moje so pisane in razigrane in znajo \u017evrgoleti. V njih raste velikansko cvetje in vedno lepo di\u0161i. Vsaj za trenutek, zbe\u017eiva v pravljco.","publisher":{"@id":"https:\/\/staging.zoki.art\/#organization"},"alternateName":"Zoki.art \u2013 navihane \u010di\u010dke in \u010da\u010dke in ra\u010dke za najne\u017enej\u0161e du\u0161e","potentialAction":[{"@type":"SearchAction","target":{"@type":"EntryPoint","urlTemplate":"https:\/\/staging.zoki.art\/?s={search_term_string}"},"query-input":{"@type":"PropertyValueSpecification","valueRequired":true,"valueName":"search_term_string"}}],"inLanguage":"en-US"},{"@type":"Organization","@id":"https:\/\/staging.zoki.art\/#organization","name":"Zoki.art \u2013 navihane \u010di\u010dke in \u010da\u010dke in ra\u010dke za najne\u017enej\u0161e du\u0161e","alternateName":"Zoki.art \u2013 navihane \u010di\u010dke in \u010da\u010dke in ra\u010dke za najne\u017enej\u0161e du\u0161e","url":"https:\/\/staging.zoki.art\/","logo":{"@type":"ImageObject","inLanguage":"en-US","@id":"https:\/\/staging.zoki.art\/#\/schema\/logo\/image\/","url":"https:\/\/staging.zoki.art\/wp-content\/uploads\/2023\/04\/zoki-art-brezslogan-mavricni.svg","contentUrl":"https:\/\/staging.zoki.art\/wp-content\/uploads\/2023\/04\/zoki-art-brezslogan-mavricni.svg","caption":"Zoki.art \u2013 navihane \u010di\u010dke in \u010da\u010dke in ra\u010dke za najne\u017enej\u0161e du\u0161e"},"image":{"@id":"https:\/\/staging.zoki.art\/#\/schema\/logo\/image\/"}}]}},"_links":{"self":[{"href":"https:\/\/staging.zoki.art\/en\/wp-json\/wp\/v2\/product\/6798","targetHints":{"allow":["GET"]}}],"collection":[{"href":"https:\/\/staging.zoki.art\/en\/wp-json\/wp\/v2\/product"}],"about":[{"href":"https:\/\/staging.zoki.art\/en\/wp-json\/wp\/v2\/types\/product"}],"replies":[{"embeddable":true,"href":"https:\/\/staging.zoki.art\/en\/wp-json\/wp\/v2\/comments?post=6798"}],"wp:featuredmedia":[{"embeddable":true,"href":"https:\/\/staging.zoki.art\/en\/wp-json\/wp\/v2\/media\/6232"}],"wp:attachment":[{"href":"https:\/\/staging.zoki.art\/en\/wp-json\/wp\/v2\/media?parent=6798"}],"wp:term":[{"taxonomy":"product_brand","embeddable":true,"href":"https:\/\/staging.zoki.art\/en\/wp-json\/wp\/v2\/product_brand?post=6798"},{"taxonomy":"product_cat","embeddable":true,"href":"https:\/\/staging.zoki.art\/en\/wp-json\/wp\/v2\/product_cat?post=6798"},{"taxonomy":"product_tag","embeddable":true,"href":"https:\/\/staging.zoki.art\/en\/wp-json\/wp\/v2\/product_tag?post=6798"}],"curies":[{"name":"wp","href":"https:\/\/api.w.org\/{rel}","templated":true}]}}