{"id":6144,"date":"2023-12-17T18:45:08","date_gmt":"2023-12-17T17:45:08","guid":{"rendered":"https:\/\/staging.zoki.art\/izdelek\/voscilnica-zvezdica-zaspanka\/"},"modified":"2024-12-01T13:34:11","modified_gmt":"2024-12-01T12:34:11","slug":"greeting-card-the-sleepy-twinkle-star","status":"publish","type":"product","link":"https:\/\/staging.zoki.art\/en\/product\/greeting-card-the-sleepy-twinkle-star\/","title":{"rendered":"Greeting Card \u201dThe Sleepy Twinkle Star\u201d"},"content":{"rendered":"<p>This beautiful dreamy greeting card is professionally printed in Slovenia on thick 300 g recycled paper and in size 150&#215;150 mm. Inside is blank. It is packed in a plastic sleeve and comes with an envelope.<\/p>\n","protected":false},"excerpt":{"rendered":"<p>Greeting card \u201dThe Sleepy Twinkle Star\u201d is the print of the original illustration which was painted with watercolours, gouache, and colored pencils. It is professionally printed in Slovenia on thick 300 g recycled paper and in size 150&#215;150 mm. Inside is blank. It is packed in a plastic sleeve and comes with an envelope.<\/p>\n","protected":false},"featured_media":5164,"comment_status":"open","ping_status":"closed","template":"","meta":{"inline_featured_image":false,"_monsterinsights_skip_tracking":false,"_monsterinsights_sitenote_active":false,"_monsterinsights_sitenote_note":"","_monsterinsights_sitenote_category":0,"_genesis_hide_title":false,"_genesis_hide_breadcrumbs":false,"_genesis_hide_singular_image":false,"_genesis_hide_footer_widgets":false,"_genesis_custom_body_class":"","_genesis_custom_post_class":"","_genesis_layout":""},"product_brand":[],"product_cat":[157,33],"product_tag":[],"class_list":{"0":"post-6144","1":"product","2":"type-product","3":"status-publish","4":"has-post-thumbnail","6":"product_cat-b2b-en","7":"product_cat-voscilnice-en","8":"entry","10":"first","11":"instock","12":"shipping-taxable","13":"purchasable","14":"product-type-simple"},"yoast_head":"<!-- This site is optimized with the Yoast SEO plugin v24.2 - https:\/\/yoast.com\/wordpress\/plugins\/seo\/ -->\n<title>Greeting Card \u201dThe Sleepy Twinkle Star\u201d &#8226; Zoki.art \u2013 navihane \u010di\u010dke in \u010da\u010dke in ra\u010dke za najne\u017enej\u0161e du\u0161e<\/title>\n<meta name=\"description\" content=\"Greeting card \u201dThe Sleepy Twinkle Star\u201d is the print of the original illustration which was painted with watercolours, gouache, and colored pencils. It is professionally printed in Slovenia on thick 300 g recycled paper and in size 150x150 mm. Inside is blank. It is packed in a plastic sleeve and comes with an envelope.\" \/>\n<meta name=\"robots\" content=\"noindex, follow, max-snippet:-1, max-image-preview:large, max-video-preview:-1\" \/>\n<meta property=\"og:locale\" content=\"en_US\" \/>\n<meta property=\"og:type\" content=\"article\" \/>\n<meta property=\"og:title\" content=\"Greeting Card \u201dThe Sleepy Twinkle Star\u201d &#8226; Zoki.art \u2013 navihane \u010di\u010dke in \u010da\u010dke in ra\u010dke za najne\u017enej\u0161e du\u0161e\" \/>\n<meta property=\"og:description\" content=\"Greeting card \u201dThe Sleepy Twinkle Star\u201d is the print of the original illustration which was painted with watercolours, gouache, and colored pencils. It is professionally printed in Slovenia on thick 300 g recycled paper and in size 150x150 mm. Inside is blank. It is packed in a plastic sleeve and comes with an envelope.\" \/>\n<meta property=\"og:url\" content=\"https:\/\/staging.zoki.art\/en\/product\/greeting-card-the-sleepy-twinkle-star\/\" \/>\n<meta property=\"og:site_name\" content=\"Zoki.art \u2013 navihane \u010di\u010dke in \u010da\u010dke in ra\u010dke za najne\u017enej\u0161e du\u0161e\" \/>\n<meta property=\"article:modified_time\" content=\"2024-12-01T12:34:11+00:00\" \/>\n<meta property=\"og:image\" content=\"https:\/\/staging.zoki.art\/wp-content\/uploads\/2023\/12\/Zvezdica-zaspanka-rotated.jpg\" \/>\n\t<meta property=\"og:image:width\" content=\"500\" \/>\n\t<meta property=\"og:image:height\" content=\"500\" \/>\n\t<meta property=\"og:image:type\" content=\"image\/jpeg\" \/>\n<meta name=\"twitter:card\" content=\"summary_large_image\" \/>\n<meta name=\"twitter:label1\" content=\"Est. reading time\" \/>\n\t<meta name=\"twitter:data1\" content=\"1 minute\" \/>\n<script type=\"application\/ld+json\" class=\"yoast-schema-graph\">{\"@context\":\"https:\/\/schema.org\",\"@graph\":[{\"@type\":\"WebPage\",\"@id\":\"https:\/\/staging.zoki.art\/en\/product\/greeting-card-the-sleepy-twinkle-star\/\",\"url\":\"https:\/\/staging.zoki.art\/en\/product\/greeting-card-the-sleepy-twinkle-star\/\",\"name\":\"Greeting Card \u201dThe Sleepy Twinkle Star\u201d &#8226; Zoki.art \u2013 navihane \u010di\u010dke in \u010da\u010dke in ra\u010dke za najne\u017enej\u0161e du\u0161e\",\"isPartOf\":{\"@id\":\"https:\/\/staging.zoki.art\/#website\"},\"primaryImageOfPage\":{\"@id\":\"https:\/\/staging.zoki.art\/en\/product\/greeting-card-the-sleepy-twinkle-star\/#primaryimage\"},\"image\":{\"@id\":\"https:\/\/staging.zoki.art\/en\/product\/greeting-card-the-sleepy-twinkle-star\/#primaryimage\"},\"thumbnailUrl\":\"https:\/\/staging.zoki.art\/wp-content\/uploads\/2023\/12\/Zvezdica-zaspanka-rotated.jpg\",\"datePublished\":\"2023-12-17T17:45:08+00:00\",\"dateModified\":\"2024-12-01T12:34:11+00:00\",\"description\":\"Greeting card \u201dThe Sleepy Twinkle Star\u201d is the print of the original illustration which was painted with watercolours, gouache, and colored pencils. It is professionally printed in Slovenia on thick 300 g recycled paper and in size 150x150 mm. Inside is blank. It is packed in a plastic sleeve and comes with an envelope.\",\"breadcrumb\":{\"@id\":\"https:\/\/staging.zoki.art\/en\/product\/greeting-card-the-sleepy-twinkle-star\/#breadcrumb\"},\"inLanguage\":\"en-US\",\"potentialAction\":[{\"@type\":\"ReadAction\",\"target\":[\"https:\/\/staging.zoki.art\/en\/product\/greeting-card-the-sleepy-twinkle-star\/\"]}]},{\"@type\":\"ImageObject\",\"inLanguage\":\"en-US\",\"@id\":\"https:\/\/staging.zoki.art\/en\/product\/greeting-card-the-sleepy-twinkle-star\/#primaryimage\",\"url\":\"https:\/\/staging.zoki.art\/wp-content\/uploads\/2023\/12\/Zvezdica-zaspanka-rotated.jpg\",\"contentUrl\":\"https:\/\/staging.zoki.art\/wp-content\/uploads\/2023\/12\/Zvezdica-zaspanka-rotated.jpg\",\"width\":500,\"height\":500},{\"@type\":\"BreadcrumbList\",\"@id\":\"https:\/\/staging.zoki.art\/en\/product\/greeting-card-the-sleepy-twinkle-star\/#breadcrumb\",\"itemListElement\":[{\"@type\":\"ListItem\",\"position\":1,\"name\":\"Domov\",\"item\":\"https:\/\/staging.zoki.art\/en\/\"},{\"@type\":\"ListItem\",\"position\":2,\"name\":\"Shop\",\"item\":\"https:\/\/staging.zoki.art\/en\/shop\/\"},{\"@type\":\"ListItem\",\"position\":3,\"name\":\"Greeting Card \u201dThe Sleepy Twinkle Star\u201d\"}]},{\"@type\":\"WebSite\",\"@id\":\"https:\/\/staging.zoki.art\/#website\",\"url\":\"https:\/\/staging.zoki.art\/\",\"name\":\"Zoki.art \u2013 navihane \u010di\u010dke in \u010da\u010dke in ra\u010dke za najne\u017enej\u0161e du\u0161e\",\"description\":\"\u017deli\u0161 stran od teh te\u010dnih, nejevoljnih in utrujenih misli. Greva! Te peljem na oblaku v svet domi\u0161ljije. Med stolpnice, ki niso sive in kovinaste, kot plo\u0161\u010dica v kolenu sosedove Minke. Moje so pisane in razigrane in znajo \u017evrgoleti. V njih raste velikansko cvetje in vedno lepo di\u0161i. Vsaj za trenutek, zbe\u017eiva v pravljco.\",\"publisher\":{\"@id\":\"https:\/\/staging.zoki.art\/#organization\"},\"alternateName\":\"Zoki.art \u2013 navihane \u010di\u010dke in \u010da\u010dke in ra\u010dke za najne\u017enej\u0161e du\u0161e\",\"potentialAction\":[{\"@type\":\"SearchAction\",\"target\":{\"@type\":\"EntryPoint\",\"urlTemplate\":\"https:\/\/staging.zoki.art\/?s={search_term_string}\"},\"query-input\":{\"@type\":\"PropertyValueSpecification\",\"valueRequired\":true,\"valueName\":\"search_term_string\"}}],\"inLanguage\":\"en-US\"},{\"@type\":\"Organization\",\"@id\":\"https:\/\/staging.zoki.art\/#organization\",\"name\":\"Zoki.art \u2013 navihane \u010di\u010dke in \u010da\u010dke in ra\u010dke za najne\u017enej\u0161e du\u0161e\",\"alternateName\":\"Zoki.art \u2013 navihane \u010di\u010dke in \u010da\u010dke in ra\u010dke za najne\u017enej\u0161e du\u0161e\",\"url\":\"https:\/\/staging.zoki.art\/\",\"logo\":{\"@type\":\"ImageObject\",\"inLanguage\":\"en-US\",\"@id\":\"https:\/\/staging.zoki.art\/#\/schema\/logo\/image\/\",\"url\":\"https:\/\/staging.zoki.art\/wp-content\/uploads\/2023\/04\/zoki-art-brezslogan-mavricni.svg\",\"contentUrl\":\"https:\/\/staging.zoki.art\/wp-content\/uploads\/2023\/04\/zoki-art-brezslogan-mavricni.svg\",\"caption\":\"Zoki.art \u2013 navihane \u010di\u010dke in \u010da\u010dke in ra\u010dke za najne\u017enej\u0161e du\u0161e\"},\"image\":{\"@id\":\"https:\/\/staging.zoki.art\/#\/schema\/logo\/image\/\"}}]}<\/script>\n<!-- \/ Yoast SEO plugin. -->","yoast_head_json":{"title":"Greeting Card \u201dThe Sleepy Twinkle Star\u201d &#8226; Zoki.art \u2013 navihane \u010di\u010dke in \u010da\u010dke in ra\u010dke za najne\u017enej\u0161e du\u0161e","description":"Greeting card \u201dThe Sleepy Twinkle Star\u201d is the print of the original illustration which was painted with watercolours, gouache, and colored pencils. It is professionally printed in Slovenia on thick 300 g recycled paper and in size 150x150 mm. Inside is blank. It is packed in a plastic sleeve and comes with an envelope.","robots":{"index":"noindex","follow":"follow","max-snippet":"max-snippet:-1","max-image-preview":"max-image-preview:large","max-video-preview":"max-video-preview:-1"},"og_locale":"en_US","og_type":"article","og_title":"Greeting Card \u201dThe Sleepy Twinkle Star\u201d &#8226; Zoki.art \u2013 navihane \u010di\u010dke in \u010da\u010dke in ra\u010dke za najne\u017enej\u0161e du\u0161e","og_description":"Greeting card \u201dThe Sleepy Twinkle Star\u201d is the print of the original illustration which was painted with watercolours, gouache, and colored pencils. It is professionally printed in Slovenia on thick 300 g recycled paper and in size 150x150 mm. Inside is blank. It is packed in a plastic sleeve and comes with an envelope.","og_url":"https:\/\/staging.zoki.art\/en\/product\/greeting-card-the-sleepy-twinkle-star\/","og_site_name":"Zoki.art \u2013 navihane \u010di\u010dke in \u010da\u010dke in ra\u010dke za najne\u017enej\u0161e du\u0161e","article_modified_time":"2024-12-01T12:34:11+00:00","og_image":[{"width":500,"height":500,"url":"https:\/\/staging.zoki.art\/wp-content\/uploads\/2023\/12\/Zvezdica-zaspanka-rotated.jpg","type":"image\/jpeg"}],"twitter_card":"summary_large_image","twitter_misc":{"Est. reading time":"1 minute"},"schema":{"@context":"https:\/\/schema.org","@graph":[{"@type":"WebPage","@id":"https:\/\/staging.zoki.art\/en\/product\/greeting-card-the-sleepy-twinkle-star\/","url":"https:\/\/staging.zoki.art\/en\/product\/greeting-card-the-sleepy-twinkle-star\/","name":"Greeting Card \u201dThe Sleepy Twinkle Star\u201d &#8226; Zoki.art \u2013 navihane \u010di\u010dke in \u010da\u010dke in ra\u010dke za najne\u017enej\u0161e du\u0161e","isPartOf":{"@id":"https:\/\/staging.zoki.art\/#website"},"primaryImageOfPage":{"@id":"https:\/\/staging.zoki.art\/en\/product\/greeting-card-the-sleepy-twinkle-star\/#primaryimage"},"image":{"@id":"https:\/\/staging.zoki.art\/en\/product\/greeting-card-the-sleepy-twinkle-star\/#primaryimage"},"thumbnailUrl":"https:\/\/staging.zoki.art\/wp-content\/uploads\/2023\/12\/Zvezdica-zaspanka-rotated.jpg","datePublished":"2023-12-17T17:45:08+00:00","dateModified":"2024-12-01T12:34:11+00:00","description":"Greeting card \u201dThe Sleepy Twinkle Star\u201d is the print of the original illustration which was painted with watercolours, gouache, and colored pencils. It is professionally printed in Slovenia on thick 300 g recycled paper and in size 150x150 mm. Inside is blank. It is packed in a plastic sleeve and comes with an envelope.","breadcrumb":{"@id":"https:\/\/staging.zoki.art\/en\/product\/greeting-card-the-sleepy-twinkle-star\/#breadcrumb"},"inLanguage":"en-US","potentialAction":[{"@type":"ReadAction","target":["https:\/\/staging.zoki.art\/en\/product\/greeting-card-the-sleepy-twinkle-star\/"]}]},{"@type":"ImageObject","inLanguage":"en-US","@id":"https:\/\/staging.zoki.art\/en\/product\/greeting-card-the-sleepy-twinkle-star\/#primaryimage","url":"https:\/\/staging.zoki.art\/wp-content\/uploads\/2023\/12\/Zvezdica-zaspanka-rotated.jpg","contentUrl":"https:\/\/staging.zoki.art\/wp-content\/uploads\/2023\/12\/Zvezdica-zaspanka-rotated.jpg","width":500,"height":500},{"@type":"BreadcrumbList","@id":"https:\/\/staging.zoki.art\/en\/product\/greeting-card-the-sleepy-twinkle-star\/#breadcrumb","itemListElement":[{"@type":"ListItem","position":1,"name":"Domov","item":"https:\/\/staging.zoki.art\/en\/"},{"@type":"ListItem","position":2,"name":"Shop","item":"https:\/\/staging.zoki.art\/en\/shop\/"},{"@type":"ListItem","position":3,"name":"Greeting Card \u201dThe Sleepy Twinkle Star\u201d"}]},{"@type":"WebSite","@id":"https:\/\/staging.zoki.art\/#website","url":"https:\/\/staging.zoki.art\/","name":"Zoki.art \u2013 navihane \u010di\u010dke in \u010da\u010dke in ra\u010dke za najne\u017enej\u0161e du\u0161e","description":"\u017deli\u0161 stran od teh te\u010dnih, nejevoljnih in utrujenih misli. Greva! Te peljem na oblaku v svet domi\u0161ljije. Med stolpnice, ki niso sive in kovinaste, kot plo\u0161\u010dica v kolenu sosedove Minke. Moje so pisane in razigrane in znajo \u017evrgoleti. V njih raste velikansko cvetje in vedno lepo di\u0161i. Vsaj za trenutek, zbe\u017eiva v pravljco.","publisher":{"@id":"https:\/\/staging.zoki.art\/#organization"},"alternateName":"Zoki.art \u2013 navihane \u010di\u010dke in \u010da\u010dke in ra\u010dke za najne\u017enej\u0161e du\u0161e","potentialAction":[{"@type":"SearchAction","target":{"@type":"EntryPoint","urlTemplate":"https:\/\/staging.zoki.art\/?s={search_term_string}"},"query-input":{"@type":"PropertyValueSpecification","valueRequired":true,"valueName":"search_term_string"}}],"inLanguage":"en-US"},{"@type":"Organization","@id":"https:\/\/staging.zoki.art\/#organization","name":"Zoki.art \u2013 navihane \u010di\u010dke in \u010da\u010dke in ra\u010dke za najne\u017enej\u0161e du\u0161e","alternateName":"Zoki.art \u2013 navihane \u010di\u010dke in \u010da\u010dke in ra\u010dke za najne\u017enej\u0161e du\u0161e","url":"https:\/\/staging.zoki.art\/","logo":{"@type":"ImageObject","inLanguage":"en-US","@id":"https:\/\/staging.zoki.art\/#\/schema\/logo\/image\/","url":"https:\/\/staging.zoki.art\/wp-content\/uploads\/2023\/04\/zoki-art-brezslogan-mavricni.svg","contentUrl":"https:\/\/staging.zoki.art\/wp-content\/uploads\/2023\/04\/zoki-art-brezslogan-mavricni.svg","caption":"Zoki.art \u2013 navihane \u010di\u010dke in \u010da\u010dke in ra\u010dke za najne\u017enej\u0161e du\u0161e"},"image":{"@id":"https:\/\/staging.zoki.art\/#\/schema\/logo\/image\/"}}]}},"_links":{"self":[{"href":"https:\/\/staging.zoki.art\/en\/wp-json\/wp\/v2\/product\/6144","targetHints":{"allow":["GET"]}}],"collection":[{"href":"https:\/\/staging.zoki.art\/en\/wp-json\/wp\/v2\/product"}],"about":[{"href":"https:\/\/staging.zoki.art\/en\/wp-json\/wp\/v2\/types\/product"}],"replies":[{"embeddable":true,"href":"https:\/\/staging.zoki.art\/en\/wp-json\/wp\/v2\/comments?post=6144"}],"wp:featuredmedia":[{"embeddable":true,"href":"https:\/\/staging.zoki.art\/en\/wp-json\/wp\/v2\/media\/5164"}],"wp:attachment":[{"href":"https:\/\/staging.zoki.art\/en\/wp-json\/wp\/v2\/media?parent=6144"}],"wp:term":[{"taxonomy":"product_brand","embeddable":true,"href":"https:\/\/staging.zoki.art\/en\/wp-json\/wp\/v2\/product_brand?post=6144"},{"taxonomy":"product_cat","embeddable":true,"href":"https:\/\/staging.zoki.art\/en\/wp-json\/wp\/v2\/product_cat?post=6144"},{"taxonomy":"product_tag","embeddable":true,"href":"https:\/\/staging.zoki.art\/en\/wp-json\/wp\/v2\/product_tag?post=6144"}],"curies":[{"name":"wp","href":"https:\/\/api.w.org\/{rel}","templated":true}]}}