{"id":349,"date":"2023-04-19T10:35:42","date_gmt":"2023-04-19T08:35:42","guid":{"rendered":"https:\/\/staging.zoki.art\/izdelek\/belezka-mama\/"},"modified":"2024-12-15T14:31:10","modified_gmt":"2024-12-15T13:31:10","slug":"belezka-mama","status":"publish","type":"product","link":"https:\/\/staging.zoki.art\/en\/product\/belezka-mama\/","title":{"rendered":"Notebook &#8221;A Mother&#8221;"},"content":{"rendered":"<p>This adorable and dreamy notebook has a <strong>soft touch cover<\/strong> and 80 sheets (120g). All sheets are blank. The paper is recycled and very smooth to write on. The size of this notebook is <strong>A6 or 10&#215;15 cm<\/strong>.<\/p>\n","protected":false},"excerpt":{"rendered":"<p class=\"p1\">This adorable and dreamy notebook was originally painted in watercolor technique. It will be the cutest accessory on your desk or a wonderful gift to your mum. It is a perfect place for your notes and for everyday reminders.<\/p>\n","protected":false},"featured_media":198,"comment_status":"open","ping_status":"closed","template":"","meta":{"inline_featured_image":false,"_monsterinsights_skip_tracking":false,"_monsterinsights_sitenote_active":false,"_monsterinsights_sitenote_note":"","_monsterinsights_sitenote_category":0,"_genesis_hide_title":false,"_genesis_hide_breadcrumbs":false,"_genesis_hide_singular_image":false,"_genesis_hide_footer_widgets":false,"_genesis_custom_body_class":"","_genesis_custom_post_class":"","_genesis_layout":""},"product_brand":[],"product_cat":[157,40,42],"product_tag":[],"class_list":{"0":"post-349","1":"product","2":"type-product","3":"status-publish","4":"has-post-thumbnail","6":"product_cat-b2b-en","7":"product_cat-notebook","8":"product_cat-office-supplies","9":"entry","11":"first","12":"instock","13":"sale","14":"shipping-taxable","15":"purchasable","16":"product-type-simple"},"yoast_head":"<!-- This site is optimized with the Yoast SEO plugin v24.2 - https:\/\/yoast.com\/wordpress\/plugins\/seo\/ -->\n<title>Notebook &#039;&#039;A Mother&#039;&#039; &#8226; Zoki.art \u2013 navihane \u010di\u010dke in \u010da\u010dke in ra\u010dke za najne\u017enej\u0161e du\u0161e<\/title>\n<meta name=\"description\" content=\"This adorable and dreamy notebook will be the cutest accessory on your desk or a wonderful gift to your mum. It is a perfect place for your notes and for everyday reminders.\" \/>\n<meta name=\"robots\" content=\"noindex, follow, max-snippet:-1, max-image-preview:large, max-video-preview:-1\" \/>\n<meta property=\"og:locale\" content=\"en_US\" \/>\n<meta property=\"og:type\" content=\"article\" \/>\n<meta property=\"og:title\" content=\"Notebook &#039;&#039;A Mother&#039;&#039; &#8226; Zoki.art \u2013 navihane \u010di\u010dke in \u010da\u010dke in ra\u010dke za najne\u017enej\u0161e du\u0161e\" \/>\n<meta property=\"og:description\" content=\"This adorable and dreamy notebook will be the cutest accessory on your desk or a wonderful gift to your mum. It is a perfect place for your notes and for everyday reminders.\" \/>\n<meta property=\"og:url\" content=\"https:\/\/staging.zoki.art\/en\/product\/belezka-mama\/\" \/>\n<meta property=\"og:site_name\" content=\"Zoki.art \u2013 navihane \u010di\u010dke in \u010da\u010dke in ra\u010dke za najne\u017enej\u0161e du\u0161e\" \/>\n<meta property=\"article:modified_time\" content=\"2024-12-15T13:31:10+00:00\" \/>\n<meta property=\"og:image\" content=\"https:\/\/staging.zoki.art\/wp-content\/uploads\/2023\/04\/Zoki-art-68.jpeg\" \/>\n\t<meta property=\"og:image:width\" content=\"794\" \/>\n\t<meta property=\"og:image:height\" content=\"794\" \/>\n\t<meta property=\"og:image:type\" content=\"image\/jpeg\" \/>\n<meta name=\"twitter:card\" content=\"summary_large_image\" \/>\n<meta name=\"twitter:label1\" content=\"Est. reading time\" \/>\n\t<meta name=\"twitter:data1\" content=\"1 minute\" \/>\n<script type=\"application\/ld+json\" class=\"yoast-schema-graph\">{\"@context\":\"https:\/\/schema.org\",\"@graph\":[{\"@type\":\"WebPage\",\"@id\":\"https:\/\/staging.zoki.art\/en\/product\/belezka-mama\/\",\"url\":\"https:\/\/staging.zoki.art\/en\/product\/belezka-mama\/\",\"name\":\"Notebook ''A Mother'' &#8226; Zoki.art \u2013 navihane \u010di\u010dke in \u010da\u010dke in ra\u010dke za najne\u017enej\u0161e du\u0161e\",\"isPartOf\":{\"@id\":\"https:\/\/staging.zoki.art\/#website\"},\"primaryImageOfPage\":{\"@id\":\"https:\/\/staging.zoki.art\/en\/product\/belezka-mama\/#primaryimage\"},\"image\":{\"@id\":\"https:\/\/staging.zoki.art\/en\/product\/belezka-mama\/#primaryimage\"},\"thumbnailUrl\":\"https:\/\/staging.zoki.art\/wp-content\/uploads\/2023\/04\/Zoki-art-68.jpeg\",\"datePublished\":\"2023-04-19T08:35:42+00:00\",\"dateModified\":\"2024-12-15T13:31:10+00:00\",\"description\":\"This adorable and dreamy notebook will be the cutest accessory on your desk or a wonderful gift to your mum. It is a perfect place for your notes and for everyday reminders.\",\"breadcrumb\":{\"@id\":\"https:\/\/staging.zoki.art\/en\/product\/belezka-mama\/#breadcrumb\"},\"inLanguage\":\"en-US\",\"potentialAction\":[{\"@type\":\"ReadAction\",\"target\":[\"https:\/\/staging.zoki.art\/en\/product\/belezka-mama\/\"]}]},{\"@type\":\"ImageObject\",\"inLanguage\":\"en-US\",\"@id\":\"https:\/\/staging.zoki.art\/en\/product\/belezka-mama\/#primaryimage\",\"url\":\"https:\/\/staging.zoki.art\/wp-content\/uploads\/2023\/04\/Zoki-art-68.jpeg\",\"contentUrl\":\"https:\/\/staging.zoki.art\/wp-content\/uploads\/2023\/04\/Zoki-art-68.jpeg\",\"width\":794,\"height\":794,\"caption\":\"Bele\u017eka 'Mama''\"},{\"@type\":\"BreadcrumbList\",\"@id\":\"https:\/\/staging.zoki.art\/en\/product\/belezka-mama\/#breadcrumb\",\"itemListElement\":[{\"@type\":\"ListItem\",\"position\":1,\"name\":\"Domov\",\"item\":\"https:\/\/staging.zoki.art\/en\/\"},{\"@type\":\"ListItem\",\"position\":2,\"name\":\"Shop\",\"item\":\"https:\/\/staging.zoki.art\/en\/shop\/\"},{\"@type\":\"ListItem\",\"position\":3,\"name\":\"Notebook &#8221;A Mother&#8221;\"}]},{\"@type\":\"WebSite\",\"@id\":\"https:\/\/staging.zoki.art\/#website\",\"url\":\"https:\/\/staging.zoki.art\/\",\"name\":\"Zoki.art \u2013 navihane \u010di\u010dke in \u010da\u010dke in ra\u010dke za najne\u017enej\u0161e du\u0161e\",\"description\":\"\u017deli\u0161 stran od teh te\u010dnih, nejevoljnih in utrujenih misli. Greva! Te peljem na oblaku v svet domi\u0161ljije. Med stolpnice, ki niso sive in kovinaste, kot plo\u0161\u010dica v kolenu sosedove Minke. Moje so pisane in razigrane in znajo \u017evrgoleti. V njih raste velikansko cvetje in vedno lepo di\u0161i. Vsaj za trenutek, zbe\u017eiva v pravljco.\",\"publisher\":{\"@id\":\"https:\/\/staging.zoki.art\/#organization\"},\"alternateName\":\"Zoki.art \u2013 navihane \u010di\u010dke in \u010da\u010dke in ra\u010dke za najne\u017enej\u0161e du\u0161e\",\"potentialAction\":[{\"@type\":\"SearchAction\",\"target\":{\"@type\":\"EntryPoint\",\"urlTemplate\":\"https:\/\/staging.zoki.art\/?s={search_term_string}\"},\"query-input\":{\"@type\":\"PropertyValueSpecification\",\"valueRequired\":true,\"valueName\":\"search_term_string\"}}],\"inLanguage\":\"en-US\"},{\"@type\":\"Organization\",\"@id\":\"https:\/\/staging.zoki.art\/#organization\",\"name\":\"Zoki.art \u2013 navihane \u010di\u010dke in \u010da\u010dke in ra\u010dke za najne\u017enej\u0161e du\u0161e\",\"alternateName\":\"Zoki.art \u2013 navihane \u010di\u010dke in \u010da\u010dke in ra\u010dke za najne\u017enej\u0161e du\u0161e\",\"url\":\"https:\/\/staging.zoki.art\/\",\"logo\":{\"@type\":\"ImageObject\",\"inLanguage\":\"en-US\",\"@id\":\"https:\/\/staging.zoki.art\/#\/schema\/logo\/image\/\",\"url\":\"https:\/\/staging.zoki.art\/wp-content\/uploads\/2023\/04\/zoki-art-brezslogan-mavricni.svg\",\"contentUrl\":\"https:\/\/staging.zoki.art\/wp-content\/uploads\/2023\/04\/zoki-art-brezslogan-mavricni.svg\",\"caption\":\"Zoki.art \u2013 navihane \u010di\u010dke in \u010da\u010dke in ra\u010dke za najne\u017enej\u0161e du\u0161e\"},\"image\":{\"@id\":\"https:\/\/staging.zoki.art\/#\/schema\/logo\/image\/\"}}]}<\/script>\n<!-- \/ Yoast SEO plugin. -->","yoast_head_json":{"title":"Notebook ''A Mother'' &#8226; Zoki.art \u2013 navihane \u010di\u010dke in \u010da\u010dke in ra\u010dke za najne\u017enej\u0161e du\u0161e","description":"This adorable and dreamy notebook will be the cutest accessory on your desk or a wonderful gift to your mum. It is a perfect place for your notes and for everyday reminders.","robots":{"index":"noindex","follow":"follow","max-snippet":"max-snippet:-1","max-image-preview":"max-image-preview:large","max-video-preview":"max-video-preview:-1"},"og_locale":"en_US","og_type":"article","og_title":"Notebook ''A Mother'' &#8226; Zoki.art \u2013 navihane \u010di\u010dke in \u010da\u010dke in ra\u010dke za najne\u017enej\u0161e du\u0161e","og_description":"This adorable and dreamy notebook will be the cutest accessory on your desk or a wonderful gift to your mum. It is a perfect place for your notes and for everyday reminders.","og_url":"https:\/\/staging.zoki.art\/en\/product\/belezka-mama\/","og_site_name":"Zoki.art \u2013 navihane \u010di\u010dke in \u010da\u010dke in ra\u010dke za najne\u017enej\u0161e du\u0161e","article_modified_time":"2024-12-15T13:31:10+00:00","og_image":[{"width":794,"height":794,"url":"https:\/\/staging.zoki.art\/wp-content\/uploads\/2023\/04\/Zoki-art-68.jpeg","type":"image\/jpeg"}],"twitter_card":"summary_large_image","twitter_misc":{"Est. reading time":"1 minute"},"schema":{"@context":"https:\/\/schema.org","@graph":[{"@type":"WebPage","@id":"https:\/\/staging.zoki.art\/en\/product\/belezka-mama\/","url":"https:\/\/staging.zoki.art\/en\/product\/belezka-mama\/","name":"Notebook ''A Mother'' &#8226; Zoki.art \u2013 navihane \u010di\u010dke in \u010da\u010dke in ra\u010dke za najne\u017enej\u0161e du\u0161e","isPartOf":{"@id":"https:\/\/staging.zoki.art\/#website"},"primaryImageOfPage":{"@id":"https:\/\/staging.zoki.art\/en\/product\/belezka-mama\/#primaryimage"},"image":{"@id":"https:\/\/staging.zoki.art\/en\/product\/belezka-mama\/#primaryimage"},"thumbnailUrl":"https:\/\/staging.zoki.art\/wp-content\/uploads\/2023\/04\/Zoki-art-68.jpeg","datePublished":"2023-04-19T08:35:42+00:00","dateModified":"2024-12-15T13:31:10+00:00","description":"This adorable and dreamy notebook will be the cutest accessory on your desk or a wonderful gift to your mum. It is a perfect place for your notes and for everyday reminders.","breadcrumb":{"@id":"https:\/\/staging.zoki.art\/en\/product\/belezka-mama\/#breadcrumb"},"inLanguage":"en-US","potentialAction":[{"@type":"ReadAction","target":["https:\/\/staging.zoki.art\/en\/product\/belezka-mama\/"]}]},{"@type":"ImageObject","inLanguage":"en-US","@id":"https:\/\/staging.zoki.art\/en\/product\/belezka-mama\/#primaryimage","url":"https:\/\/staging.zoki.art\/wp-content\/uploads\/2023\/04\/Zoki-art-68.jpeg","contentUrl":"https:\/\/staging.zoki.art\/wp-content\/uploads\/2023\/04\/Zoki-art-68.jpeg","width":794,"height":794,"caption":"Bele\u017eka 'Mama''"},{"@type":"BreadcrumbList","@id":"https:\/\/staging.zoki.art\/en\/product\/belezka-mama\/#breadcrumb","itemListElement":[{"@type":"ListItem","position":1,"name":"Domov","item":"https:\/\/staging.zoki.art\/en\/"},{"@type":"ListItem","position":2,"name":"Shop","item":"https:\/\/staging.zoki.art\/en\/shop\/"},{"@type":"ListItem","position":3,"name":"Notebook &#8221;A Mother&#8221;"}]},{"@type":"WebSite","@id":"https:\/\/staging.zoki.art\/#website","url":"https:\/\/staging.zoki.art\/","name":"Zoki.art \u2013 navihane \u010di\u010dke in \u010da\u010dke in ra\u010dke za najne\u017enej\u0161e du\u0161e","description":"\u017deli\u0161 stran od teh te\u010dnih, nejevoljnih in utrujenih misli. Greva! Te peljem na oblaku v svet domi\u0161ljije. Med stolpnice, ki niso sive in kovinaste, kot plo\u0161\u010dica v kolenu sosedove Minke. Moje so pisane in razigrane in znajo \u017evrgoleti. V njih raste velikansko cvetje in vedno lepo di\u0161i. Vsaj za trenutek, zbe\u017eiva v pravljco.","publisher":{"@id":"https:\/\/staging.zoki.art\/#organization"},"alternateName":"Zoki.art \u2013 navihane \u010di\u010dke in \u010da\u010dke in ra\u010dke za najne\u017enej\u0161e du\u0161e","potentialAction":[{"@type":"SearchAction","target":{"@type":"EntryPoint","urlTemplate":"https:\/\/staging.zoki.art\/?s={search_term_string}"},"query-input":{"@type":"PropertyValueSpecification","valueRequired":true,"valueName":"search_term_string"}}],"inLanguage":"en-US"},{"@type":"Organization","@id":"https:\/\/staging.zoki.art\/#organization","name":"Zoki.art \u2013 navihane \u010di\u010dke in \u010da\u010dke in ra\u010dke za najne\u017enej\u0161e du\u0161e","alternateName":"Zoki.art \u2013 navihane \u010di\u010dke in \u010da\u010dke in ra\u010dke za najne\u017enej\u0161e du\u0161e","url":"https:\/\/staging.zoki.art\/","logo":{"@type":"ImageObject","inLanguage":"en-US","@id":"https:\/\/staging.zoki.art\/#\/schema\/logo\/image\/","url":"https:\/\/staging.zoki.art\/wp-content\/uploads\/2023\/04\/zoki-art-brezslogan-mavricni.svg","contentUrl":"https:\/\/staging.zoki.art\/wp-content\/uploads\/2023\/04\/zoki-art-brezslogan-mavricni.svg","caption":"Zoki.art \u2013 navihane \u010di\u010dke in \u010da\u010dke in ra\u010dke za najne\u017enej\u0161e du\u0161e"},"image":{"@id":"https:\/\/staging.zoki.art\/#\/schema\/logo\/image\/"}}]}},"_links":{"self":[{"href":"https:\/\/staging.zoki.art\/en\/wp-json\/wp\/v2\/product\/349","targetHints":{"allow":["GET"]}}],"collection":[{"href":"https:\/\/staging.zoki.art\/en\/wp-json\/wp\/v2\/product"}],"about":[{"href":"https:\/\/staging.zoki.art\/en\/wp-json\/wp\/v2\/types\/product"}],"replies":[{"embeddable":true,"href":"https:\/\/staging.zoki.art\/en\/wp-json\/wp\/v2\/comments?post=349"}],"wp:featuredmedia":[{"embeddable":true,"href":"https:\/\/staging.zoki.art\/en\/wp-json\/wp\/v2\/media\/198"}],"wp:attachment":[{"href":"https:\/\/staging.zoki.art\/en\/wp-json\/wp\/v2\/media?parent=349"}],"wp:term":[{"taxonomy":"product_brand","embeddable":true,"href":"https:\/\/staging.zoki.art\/en\/wp-json\/wp\/v2\/product_brand?post=349"},{"taxonomy":"product_cat","embeddable":true,"href":"https:\/\/staging.zoki.art\/en\/wp-json\/wp\/v2\/product_cat?post=349"},{"taxonomy":"product_tag","embeddable":true,"href":"https:\/\/staging.zoki.art\/en\/wp-json\/wp\/v2\/product_tag?post=349"}],"curies":[{"name":"wp","href":"https:\/\/api.w.org\/{rel}","templated":true}]}}